{"id":1828,"date":"2024-02-27T09:51:44","date_gmt":"2024-02-27T09:51:44","guid":{"rendered":"https:\/\/bedandbikecuracao.com\/?page_id=1828"},"modified":"2024-07-29T10:24:11","modified_gmt":"2024-07-29T10:24:11","slug":"pacotes","status":"publish","type":"page","link":"https:\/\/bedandbikecuracao.com\/pt\/packages\/","title":{"rendered":"Pacotes"},"content":{"rendered":"<div data-elementor-type=\"wp-page\" data-elementor-id=\"1828\" class=\"elementor elementor-1828\" data-elementor-post-type=\"page\">\n\t\t\t\t\t\t<section class=\"elementor-section elementor-top-section elementor-element elementor-element-8e2fafe elementor-section-boxed elementor-section-height-default elementor-section-height-default\" data-id=\"8e2fafe\" data-element_type=\"section\" data-e-type=\"section\">\n\t\t\t\t\t\t<div class=\"elementor-container elementor-column-gap-no\">\n\t\t\t\t\t<div class=\"elementor-column elementor-col-100 elementor-top-column elementor-element elementor-element-b556396\" data-id=\"b556396\" data-element_type=\"column\" data-e-type=\"column\">\n\t\t\t<div class=\"elementor-widget-wrap elementor-element-populated\">\n\t\t\t\t\t\t<div class=\"elementor-element elementor-element-a74ced3 elementor-widget elementor-widget-heading\" data-id=\"a74ced3\" data-element_type=\"widget\" data-e-type=\"widget\" data-widget_type=\"heading.default\">\n\t\t\t\t<div class=\"elementor-widget-container\">\n\t\t\t\t\t<h1 class=\"elementor-heading-title elementor-size-default\">Pacotes<\/h1>\t\t\t\t<\/div>\n\t\t\t\t<\/div>\n\t\t\t\t\t<\/div>\n\t\t<\/div>\n\t\t\t\t\t<\/div>\n\t\t<\/section>\n\t\t\t\t<section class=\"elementor-section elementor-top-section elementor-element elementor-element-c56f415 kv-p-no-margin elementor-section-boxed elementor-section-height-default elementor-section-height-default\" data-id=\"c56f415\" data-element_type=\"section\" data-e-type=\"section\">\n\t\t\t\t\t\t<div class=\"elementor-container elementor-column-gap-no\">\n\t\t\t\t\t<div class=\"elementor-column elementor-col-33 elementor-top-column elementor-element elementor-element-581eb2a kv-block-1-1\" data-id=\"581eb2a\" data-element_type=\"column\" data-e-type=\"column\" data-settings=\"{&quot;background_background&quot;:&quot;classic&quot;}\">\n\t\t\t<div class=\"elementor-widget-wrap elementor-element-populated\">\n\t\t\t\t\t<div class=\"elementor-background-overlay\"><\/div>\n\t\t\t\t\t\t<div class=\"elementor-element elementor-element-d0d7e28 elementor-widget elementor-widget-image\" data-id=\"d0d7e28\" data-element_type=\"widget\" data-e-type=\"widget\" data-widget_type=\"image.default\">\n\t\t\t\t<div class=\"elementor-widget-container\">\n\t\t\t\t\t\t\t\t\t\t\t\t\t\t\t<img fetchpriority=\"high\" decoding=\"async\" width=\"580\" height=\"386\" src=\"https:\/\/bedandbikecuracao.com\/wp-content\/uploads\/2024\/02\/friends-lost-in-nature-with-a-map-1024x682.jpg\" class=\"attachment-large size-large wp-image-905\" alt=\"\" srcset=\"https:\/\/bedandbikecuracao.com\/wp-content\/uploads\/2024\/02\/friends-lost-in-nature-with-a-map-1024x682.jpg 1024w, https:\/\/bedandbikecuracao.com\/wp-content\/uploads\/2024\/02\/friends-lost-in-nature-with-a-map-300x200.jpg 300w, https:\/\/bedandbikecuracao.com\/wp-content\/uploads\/2024\/02\/friends-lost-in-nature-with-a-map-768x512.jpg 768w, https:\/\/bedandbikecuracao.com\/wp-content\/uploads\/2024\/02\/friends-lost-in-nature-with-a-map-1536x1024.jpg 1536w, https:\/\/bedandbikecuracao.com\/wp-content\/uploads\/2024\/02\/friends-lost-in-nature-with-a-map-18x12.jpg 18w, https:\/\/bedandbikecuracao.com\/wp-content\/uploads\/2024\/02\/friends-lost-in-nature-with-a-map.jpg 2000w\" sizes=\"(max-width: 580px) 100vw, 580px\" \/>\t\t\t\t\t\t\t\t\t\t\t\t\t\t\t<\/div>\n\t\t\t\t<\/div>\n\t\t\t\t<div class=\"elementor-element elementor-element-60747ed elementor-widget elementor-widget-heading\" data-id=\"60747ed\" data-element_type=\"widget\" data-e-type=\"widget\" data-widget_type=\"heading.default\">\n\t\t\t\t<div class=\"elementor-widget-container\">\n\t\t\t\t\t<h2 class=\"elementor-heading-title elementor-size-default\">Benef\u00edcio de Reserva Direta<\/h2>\t\t\t\t<\/div>\n\t\t\t\t<\/div>\n\t\t\t\t<div class=\"elementor-element elementor-element-5683b6c elementor-widget elementor-widget-jkit_button\" data-id=\"5683b6c\" data-element_type=\"widget\" data-e-type=\"widget\" data-widget_type=\"jkit_button.default\">\n\t\t\t\t<div class=\"elementor-widget-container\">\n\t\t\t\t\t<div  class=\"jeg-elementor-kit jkit-button  icon-position-after jeg_module___69f73eaed6cfc\" ><a href=\"https:\/\/bedandbikecuracao.com\/pt\/beneficio-de-reserva-direta\/\" class=\"jkit-button-wrapper\">Mais informa\u00e7\u00f5es<i class=\"icon-colored jki jki-right-arrow1-light\" aria-hidden=\"true\"><\/i><\/a><\/div>\t\t\t\t<\/div>\n\t\t\t\t<\/div>\n\t\t\t\t\t<\/div>\n\t\t<\/div>\n\t\t\t\t<div class=\"elementor-column elementor-col-33 elementor-top-column elementor-element elementor-element-a294e12 kv-block-1-2\" data-id=\"a294e12\" data-element_type=\"column\" data-e-type=\"column\" data-settings=\"{&quot;background_background&quot;:&quot;classic&quot;}\">\n\t\t\t<div class=\"elementor-widget-wrap elementor-element-populated\">\n\t\t\t\t\t<div class=\"elementor-background-overlay\"><\/div>\n\t\t\t\t\t\t<div class=\"elementor-element elementor-element-39f4339 elementor-widget elementor-widget-image\" data-id=\"39f4339\" data-element_type=\"widget\" data-e-type=\"widget\" data-widget_type=\"image.default\">\n\t\t\t\t<div class=\"elementor-widget-container\">\n\t\t\t\t\t\t\t\t\t\t\t\t\t\t\t<img decoding=\"async\" width=\"580\" height=\"387\" src=\"https:\/\/bedandbikecuracao.com\/wp-content\/uploads\/2024\/02\/62edad_8a9502cdc82e4545a769d8d60c87392emv2-1024x683.webp\" class=\"attachment-large size-large wp-image-284\" alt=\"\" srcset=\"https:\/\/bedandbikecuracao.com\/wp-content\/uploads\/2024\/02\/62edad_8a9502cdc82e4545a769d8d60c87392emv2-1024x683.webp 1024w, https:\/\/bedandbikecuracao.com\/wp-content\/uploads\/2024\/02\/62edad_8a9502cdc82e4545a769d8d60c87392emv2-300x200.webp 300w, https:\/\/bedandbikecuracao.com\/wp-content\/uploads\/2024\/02\/62edad_8a9502cdc82e4545a769d8d60c87392emv2-768x512.webp 768w, https:\/\/bedandbikecuracao.com\/wp-content\/uploads\/2024\/02\/62edad_8a9502cdc82e4545a769d8d60c87392emv2-1536x1024.webp 1536w, https:\/\/bedandbikecuracao.com\/wp-content\/uploads\/2024\/02\/62edad_8a9502cdc82e4545a769d8d60c87392emv2.webp 1600w\" sizes=\"(max-width: 580px) 100vw, 580px\" \/>\t\t\t\t\t\t\t\t\t\t\t\t\t\t\t<\/div>\n\t\t\t\t<\/div>\n\t\t\t\t<div class=\"elementor-element elementor-element-8421763 elementor-widget elementor-widget-heading\" data-id=\"8421763\" data-element_type=\"widget\" data-e-type=\"widget\" data-widget_type=\"heading.default\">\n\t\t\t\t<div class=\"elementor-widget-container\">\n\t\t\t\t\t<h2 class=\"elementor-heading-title elementor-size-default\">City &amp; Beach Package<\/h2>\t\t\t\t<\/div>\n\t\t\t\t<\/div>\n\t\t\t\t<div class=\"elementor-element elementor-element-0361197 elementor-widget elementor-widget-jkit_button\" data-id=\"0361197\" data-element_type=\"widget\" data-e-type=\"widget\" data-widget_type=\"jkit_button.default\">\n\t\t\t\t<div class=\"elementor-widget-container\">\n\t\t\t\t\t<div  class=\"jeg-elementor-kit jkit-button  icon-position-after jeg_module__1_69f73eaed7849\" ><a href=\"https:\/\/bedandbikecuracao.com\/pt\/pacote-praia-da-cidade\/\" class=\"jkit-button-wrapper\">Mais informa\u00e7\u00f5es<i class=\"icon-colored jki jki-right-arrow1-light\" aria-hidden=\"true\"><\/i><\/a><\/div>\t\t\t\t<\/div>\n\t\t\t\t<\/div>\n\t\t\t\t\t<\/div>\n\t\t<\/div>\n\t\t\t\t<div class=\"elementor-column elementor-col-33 elementor-top-column elementor-element elementor-element-95b4dc2 kv-block-1-3\" data-id=\"95b4dc2\" data-element_type=\"column\" data-e-type=\"column\" data-settings=\"{&quot;background_background&quot;:&quot;classic&quot;}\">\n\t\t\t<div class=\"elementor-widget-wrap elementor-element-populated\">\n\t\t\t\t\t<div class=\"elementor-background-overlay\"><\/div>\n\t\t\t\t\t\t<div class=\"elementor-element elementor-element-550a119 elementor-widget elementor-widget-image\" data-id=\"550a119\" data-element_type=\"widget\" data-e-type=\"widget\" data-widget_type=\"image.default\">\n\t\t\t\t<div class=\"elementor-widget-container\">\n\t\t\t\t\t\t\t\t\t\t\t\t\t\t\t<img decoding=\"async\" width=\"580\" height=\"387\" src=\"https:\/\/bedandbikecuracao.com\/wp-content\/uploads\/2024\/02\/happy-female-friends-having-fun-tropical-beach-women-traveling-vacation-thailand-with-bicycle-1024x683.jpg\" class=\"attachment-large size-large wp-image-268\" alt=\"\" srcset=\"https:\/\/bedandbikecuracao.com\/wp-content\/uploads\/2024\/02\/happy-female-friends-having-fun-tropical-beach-women-traveling-vacation-thailand-with-bicycle-1024x683.jpg 1024w, https:\/\/bedandbikecuracao.com\/wp-content\/uploads\/2024\/02\/happy-female-friends-having-fun-tropical-beach-women-traveling-vacation-thailand-with-bicycle-300x200.jpg 300w, https:\/\/bedandbikecuracao.com\/wp-content\/uploads\/2024\/02\/happy-female-friends-having-fun-tropical-beach-women-traveling-vacation-thailand-with-bicycle-768x512.jpg 768w, https:\/\/bedandbikecuracao.com\/wp-content\/uploads\/2024\/02\/happy-female-friends-having-fun-tropical-beach-women-traveling-vacation-thailand-with-bicycle.jpg 1500w\" sizes=\"(max-width: 580px) 100vw, 580px\" \/>\t\t\t\t\t\t\t\t\t\t\t\t\t\t\t<\/div>\n\t\t\t\t<\/div>\n\t\t\t\t<div class=\"elementor-element elementor-element-dfa3773 elementor-widget elementor-widget-heading\" data-id=\"dfa3773\" data-element_type=\"widget\" data-e-type=\"widget\" data-widget_type=\"heading.default\">\n\t\t\t\t<div class=\"elementor-widget-container\">\n\t\t\t\t\t<h2 class=\"elementor-heading-title elementor-size-default\">Pacote Sorte nr7<\/h2>\t\t\t\t<\/div>\n\t\t\t\t<\/div>\n\t\t\t\t<div class=\"elementor-element elementor-element-23fbf65 elementor-widget elementor-widget-jkit_button\" data-id=\"23fbf65\" data-element_type=\"widget\" data-e-type=\"widget\" data-widget_type=\"jkit_button.default\">\n\t\t\t\t<div class=\"elementor-widget-container\">\n\t\t\t\t\t<div  class=\"jeg-elementor-kit jkit-button  icon-position-after jeg_module__2_69f73eaed8371\" ><a href=\"https:\/\/bedandbikecuracao.com\/pt\/pacote-nr7-da-sorte\/\" class=\"jkit-button-wrapper\">Mais informa\u00e7\u00f5es<i class=\"icon-colored jki jki-right-arrow1-light\" aria-hidden=\"true\"><\/i><\/a><\/div>\t\t\t\t<\/div>\n\t\t\t\t<\/div>\n\t\t\t\t\t<\/div>\n\t\t<\/div>\n\t\t\t\t\t<\/div>\n\t\t<\/section>\n\t\t\t\t<\/div>","protected":false},"excerpt":{"rendered":"<p>Packages Direct Booking Benefit More info City &amp; Beach Package More info Lucky nr7 Package More info<\/p>","protected":false},"author":1,"featured_media":3223,"parent":0,"menu_order":0,"comment_status":"closed","ping_status":"closed","template":"elementor_header_footer","meta":{"_acf_changed":false,"footnotes":""},"class_list":["post-1828","page","type-page","status-publish","has-post-thumbnail","hentry"],"acf":[],"yoast_head":"<!-- This site is optimized with the Yoast SEO plugin v27.5 - https:\/\/yoast.com\/product\/yoast-seo-wordpress\/ -->\n<title>Packages - Bed &amp; Bike Curacao<\/title>\n<meta name=\"description\" content=\"Check which options you can select on Bed &amp; Bike Curacao website. Contact us if you need more information.\" \/>\n<meta name=\"robots\" content=\"index, follow, max-snippet:-1, max-image-preview:large, max-video-preview:-1\" \/>\n<link rel=\"canonical\" href=\"https:\/\/bedandbikecuracao.com\/pt\/pacotes\/\" \/>\n<meta property=\"og:locale\" content=\"pt_PT\" \/>\n<meta property=\"og:type\" content=\"article\" \/>\n<meta property=\"og:title\" content=\"Packages - Bed &amp; Bike Curacao\" \/>\n<meta property=\"og:description\" content=\"Check which options you can select on Bed &amp; Bike Curacao website. Contact us if you need more information.\" \/>\n<meta property=\"og:url\" content=\"https:\/\/bedandbikecuracao.com\/pt\/pacotes\/\" \/>\n<meta property=\"og:site_name\" content=\"Bed &amp; Bike\" \/>\n<meta property=\"article:modified_time\" content=\"2024-07-29T10:24:11+00:00\" \/>\n<meta property=\"og:image\" content=\"https:\/\/bedandbikecuracao.com\/wp-content\/uploads\/2024\/07\/Logo-Bed-Bike-Curacao-COLOR-2-new.png\" \/>\n\t<meta property=\"og:image:width\" content=\"200\" \/>\n\t<meta property=\"og:image:height\" content=\"200\" \/>\n\t<meta property=\"og:image:type\" content=\"image\/png\" \/>\n<meta name=\"twitter:card\" content=\"summary_large_image\" \/>\n<meta name=\"twitter:label1\" content=\"Est. reading time\" \/>\n\t<meta name=\"twitter:data1\" content=\"1 minuto\" \/>\n<script type=\"application\/ld+json\" class=\"yoast-schema-graph\">{\"@context\":\"https:\\\/\\\/schema.org\",\"@graph\":[{\"@type\":\"WebPage\",\"@id\":\"https:\\\/\\\/bedandbikecuracao.com\\\/packages\\\/\",\"url\":\"https:\\\/\\\/bedandbikecuracao.com\\\/packages\\\/\",\"name\":\"Packages - Bed &amp; Bike Curacao\",\"isPartOf\":{\"@id\":\"https:\\\/\\\/bedandbikecuracao.com\\\/#website\"},\"primaryImageOfPage\":{\"@id\":\"https:\\\/\\\/bedandbikecuracao.com\\\/packages\\\/#primaryimage\"},\"image\":{\"@id\":\"https:\\\/\\\/bedandbikecuracao.com\\\/packages\\\/#primaryimage\"},\"thumbnailUrl\":\"https:\\\/\\\/bedandbikecuracao.com\\\/wp-content\\\/uploads\\\/2024\\\/07\\\/Logo-Bed-Bike-Curacao-COLOR-2-new.png\",\"datePublished\":\"2024-02-27T09:51:44+00:00\",\"dateModified\":\"2024-07-29T10:24:11+00:00\",\"description\":\"Check which options you can select on Bed & Bike Curacao website. Contact us if you need more information.\",\"breadcrumb\":{\"@id\":\"https:\\\/\\\/bedandbikecuracao.com\\\/packages\\\/#breadcrumb\"},\"inLanguage\":\"pt-PT\",\"potentialAction\":[{\"@type\":\"ReadAction\",\"target\":[\"https:\\\/\\\/bedandbikecuracao.com\\\/packages\\\/\"]}]},{\"@type\":\"ImageObject\",\"inLanguage\":\"pt-PT\",\"@id\":\"https:\\\/\\\/bedandbikecuracao.com\\\/packages\\\/#primaryimage\",\"url\":\"https:\\\/\\\/bedandbikecuracao.com\\\/wp-content\\\/uploads\\\/2024\\\/07\\\/Logo-Bed-Bike-Curacao-COLOR-2-new.png\",\"contentUrl\":\"https:\\\/\\\/bedandbikecuracao.com\\\/wp-content\\\/uploads\\\/2024\\\/07\\\/Logo-Bed-Bike-Curacao-COLOR-2-new.png\",\"width\":200,\"height\":200},{\"@type\":\"BreadcrumbList\",\"@id\":\"https:\\\/\\\/bedandbikecuracao.com\\\/packages\\\/#breadcrumb\",\"itemListElement\":[{\"@type\":\"ListItem\",\"position\":1,\"name\":\"Home\",\"item\":\"https:\\\/\\\/bedandbikecuracao.com\\\/\"},{\"@type\":\"ListItem\",\"position\":2,\"name\":\"Packages\"}]},{\"@type\":\"WebSite\",\"@id\":\"https:\\\/\\\/bedandbikecuracao.com\\\/#website\",\"url\":\"https:\\\/\\\/bedandbikecuracao.com\\\/\",\"name\":\"Bed &amp; Bike\",\"description\":\"\",\"potentialAction\":[{\"@type\":\"SearchAction\",\"target\":{\"@type\":\"EntryPoint\",\"urlTemplate\":\"https:\\\/\\\/bedandbikecuracao.com\\\/?s={search_term_string}\"},\"query-input\":{\"@type\":\"PropertyValueSpecification\",\"valueRequired\":true,\"valueName\":\"search_term_string\"}}],\"inLanguage\":\"pt-PT\"}]}<\/script>\n<!-- \/ Yoast SEO plugin. -->","yoast_head_json":{"title":"Pacotes - Bed &amp; Bike Cura\u00e7ao","description":"Verifique quais op\u00e7\u00f5es voc\u00ea pode selecionar no site da Bed &amp; Bike Curacao. Contate-nos se precisar de mais informa\u00e7\u00f5es.","robots":{"index":"index","follow":"follow","max-snippet":"max-snippet:-1","max-image-preview":"max-image-preview:large","max-video-preview":"max-video-preview:-1"},"canonical":"https:\/\/bedandbikecuracao.com\/pt\/pacotes\/","og_locale":"pt_PT","og_type":"article","og_title":"Packages - Bed &amp; Bike Curacao","og_description":"Check which options you can select on Bed & Bike Curacao website. Contact us if you need more information.","og_url":"https:\/\/bedandbikecuracao.com\/pt\/pacotes\/","og_site_name":"Bed &amp; Bike","article_modified_time":"2024-07-29T10:24:11+00:00","og_image":[{"width":200,"height":200,"url":"https:\/\/bedandbikecuracao.com\/wp-content\/uploads\/2024\/07\/Logo-Bed-Bike-Curacao-COLOR-2-new.png","type":"image\/png"}],"twitter_card":"summary_large_image","twitter_misc":{"Est. reading time":"1 minuto"},"schema":{"@context":"https:\/\/schema.org","@graph":[{"@type":"WebPage","@id":"https:\/\/bedandbikecuracao.com\/packages\/","url":"https:\/\/bedandbikecuracao.com\/packages\/","name":"Pacotes - Bed &amp; Bike Cura\u00e7ao","isPartOf":{"@id":"https:\/\/bedandbikecuracao.com\/#website"},"primaryImageOfPage":{"@id":"https:\/\/bedandbikecuracao.com\/packages\/#primaryimage"},"image":{"@id":"https:\/\/bedandbikecuracao.com\/packages\/#primaryimage"},"thumbnailUrl":"https:\/\/bedandbikecuracao.com\/wp-content\/uploads\/2024\/07\/Logo-Bed-Bike-Curacao-COLOR-2-new.png","datePublished":"2024-02-27T09:51:44+00:00","dateModified":"2024-07-29T10:24:11+00:00","description":"Verifique quais op\u00e7\u00f5es voc\u00ea pode selecionar no site da Bed &amp; Bike Curacao. Contate-nos se precisar de mais informa\u00e7\u00f5es.","breadcrumb":{"@id":"https:\/\/bedandbikecuracao.com\/packages\/#breadcrumb"},"inLanguage":"pt-PT","potentialAction":[{"@type":"ReadAction","target":["https:\/\/bedandbikecuracao.com\/packages\/"]}]},{"@type":"ImageObject","inLanguage":"pt-PT","@id":"https:\/\/bedandbikecuracao.com\/packages\/#primaryimage","url":"https:\/\/bedandbikecuracao.com\/wp-content\/uploads\/2024\/07\/Logo-Bed-Bike-Curacao-COLOR-2-new.png","contentUrl":"https:\/\/bedandbikecuracao.com\/wp-content\/uploads\/2024\/07\/Logo-Bed-Bike-Curacao-COLOR-2-new.png","width":200,"height":200},{"@type":"BreadcrumbList","@id":"https:\/\/bedandbikecuracao.com\/packages\/#breadcrumb","itemListElement":[{"@type":"ListItem","position":1,"name":"Home","item":"https:\/\/bedandbikecuracao.com\/"},{"@type":"ListItem","position":2,"name":"Packages"}]},{"@type":"WebSite","@id":"https:\/\/bedandbikecuracao.com\/#website","url":"https:\/\/bedandbikecuracao.com\/","name":"Cama e bicicleta","description":"","potentialAction":[{"@type":"SearchAction","target":{"@type":"EntryPoint","urlTemplate":"https:\/\/bedandbikecuracao.com\/?s={search_term_string}"},"query-input":{"@type":"PropertyValueSpecification","valueRequired":true,"valueName":"search_term_string"}}],"inLanguage":"pt-PT"}]}},"_links":{"self":[{"href":"https:\/\/bedandbikecuracao.com\/pt\/wp-json\/wp\/v2\/pages\/1828","targetHints":{"allow":["GET"]}}],"collection":[{"href":"https:\/\/bedandbikecuracao.com\/pt\/wp-json\/wp\/v2\/pages"}],"about":[{"href":"https:\/\/bedandbikecuracao.com\/pt\/wp-json\/wp\/v2\/types\/page"}],"author":[{"embeddable":true,"href":"https:\/\/bedandbikecuracao.com\/pt\/wp-json\/wp\/v2\/users\/1"}],"replies":[{"embeddable":true,"href":"https:\/\/bedandbikecuracao.com\/pt\/wp-json\/wp\/v2\/comments?post=1828"}],"version-history":[{"count":23,"href":"https:\/\/bedandbikecuracao.com\/pt\/wp-json\/wp\/v2\/pages\/1828\/revisions"}],"predecessor-version":[{"id":2981,"href":"https:\/\/bedandbikecuracao.com\/pt\/wp-json\/wp\/v2\/pages\/1828\/revisions\/2981"}],"wp:featuredmedia":[{"embeddable":true,"href":"https:\/\/bedandbikecuracao.com\/pt\/wp-json\/wp\/v2\/media\/3223"}],"wp:attachment":[{"href":"https:\/\/bedandbikecuracao.com\/pt\/wp-json\/wp\/v2\/media?parent=1828"}],"curies":[{"name":"wp","href":"https:\/\/api.w.org\/{rel}","templated":true}]}}