{"id":155,"date":"2024-01-31T15:12:24","date_gmt":"2024-01-31T15:12:24","guid":{"rendered":"https:\/\/bedandbikecuracao.com\/?page_id=155"},"modified":"2024-07-29T10:24:05","modified_gmt":"2024-07-29T10:24:05","slug":"nosso-time","status":"publish","type":"page","link":"https:\/\/bedandbikecuracao.com\/pt\/our-team\/","title":{"rendered":"Nosso time"},"content":{"rendered":"<div data-elementor-type=\"wp-page\" data-elementor-id=\"155\" class=\"elementor elementor-155\" data-elementor-post-type=\"page\">\n\t\t\t\t\t\t<section class=\"elementor-section elementor-top-section elementor-element elementor-element-6534327 elementor-section-boxed elementor-section-height-default elementor-section-height-default\" data-id=\"6534327\" data-element_type=\"section\" data-e-type=\"section\">\n\t\t\t\t\t\t<div class=\"elementor-container elementor-column-gap-no\">\n\t\t\t\t\t<div class=\"elementor-column elementor-col-50 elementor-top-column elementor-element elementor-element-823a364\" data-id=\"823a364\" data-element_type=\"column\" data-e-type=\"column\">\n\t\t\t<div class=\"elementor-widget-wrap elementor-element-populated\">\n\t\t\t\t\t\t<div class=\"elementor-element elementor-element-c2b6ae4 elementor-widget elementor-widget-heading\" data-id=\"c2b6ae4\" data-element_type=\"widget\" data-e-type=\"widget\" data-widget_type=\"heading.default\">\n\t\t\t\t<div class=\"elementor-widget-container\">\n\t\t\t\t\t<h1 class=\"elementor-heading-title elementor-size-default\">Conhe\u00e7a nosso time<\/h1>\t\t\t\t<\/div>\n\t\t\t\t<\/div>\n\t\t\t\t<div class=\"elementor-element elementor-element-d1e0092 elementor-widget elementor-widget-text-editor\" data-id=\"d1e0092\" data-element_type=\"widget\" data-e-type=\"widget\" data-widget_type=\"text-editor.default\">\n\t\t\t\t<div class=\"elementor-widget-container\">\n\t\t\t\t\t\t\t\t\t<p>Sabemos que a chave para umas f\u00e9rias agrad\u00e1veis s\u00e3o as pessoas com quem voc\u00ea interage, e \u00e9 por isso que nossos locais contam com pessoas locais amig\u00e1veis e conhecedoras que amam nada mais do que conhecer novas pessoas e compartilhar a beleza de sua ilha natal.<\/p><p>Se voc\u00ea precisa de conselhos sobre suas aventuras di\u00e1rias, ajuda com sua bicicleta ou sugest\u00f5es para uma noite na cidade, n\u00f3s temos o que voc\u00ea precisa. E quando voc\u00ea est\u00e1 relaxando aqui no seu quarto ou nas alegres \u00e1reas comuns das nossas propriedades, estamos sempre dispon\u00edveis para tornar a sua estadia o mais confort\u00e1vel poss\u00edvel.<\/p>\t\t\t\t\t\t\t\t<\/div>\n\t\t\t\t<\/div>\n\t\t\t\t\t<\/div>\n\t\t<\/div>\n\t\t\t\t<div class=\"elementor-column elementor-col-50 elementor-top-column elementor-element elementor-element-6c7cfaf\" data-id=\"6c7cfaf\" data-element_type=\"column\" data-e-type=\"column\">\n\t\t\t<div class=\"elementor-widget-wrap elementor-element-populated\">\n\t\t\t\t\t\t<div class=\"elementor-element elementor-element-353a316 elementor-widget elementor-widget-image\" data-id=\"353a316\" data-element_type=\"widget\" data-e-type=\"widget\" data-widget_type=\"image.default\">\n\t\t\t\t<div class=\"elementor-widget-container\">\n\t\t\t\t\t\t\t\t\t\t\t\t\t\t\t<img fetchpriority=\"high\" decoding=\"async\" width=\"580\" height=\"386\" src=\"https:\/\/bedandbikecuracao.com\/wp-content\/uploads\/2024\/04\/81220.jpg\" class=\"attachment-large size-large wp-image-2892\" alt=\"\" srcset=\"https:\/\/bedandbikecuracao.com\/wp-content\/uploads\/2024\/04\/81220.jpg 1000w, https:\/\/bedandbikecuracao.com\/wp-content\/uploads\/2024\/04\/81220-300x200.jpg 300w, https:\/\/bedandbikecuracao.com\/wp-content\/uploads\/2024\/04\/81220-768x511.jpg 768w, https:\/\/bedandbikecuracao.com\/wp-content\/uploads\/2024\/04\/81220-18x12.jpg 18w\" sizes=\"(max-width: 580px) 100vw, 580px\" \/>\t\t\t\t\t\t\t\t\t\t\t\t\t\t\t<\/div>\n\t\t\t\t<\/div>\n\t\t\t\t\t<\/div>\n\t\t<\/div>\n\t\t\t\t\t<\/div>\n\t\t<\/section>\n\t\t\t\t<\/div>","protected":false},"excerpt":{"rendered":"<p>Meet Our Team We know that the key to an enjoyable holiday is the people you interact with, which is why our locations are all staffed with friendly, knowledgeable locals who love nothing more than meeting new people and sharing the beauty of their island home. Whether you need advice on your daily adventures, help [&hellip;]<\/p>\n","protected":false},"author":1,"featured_media":3223,"parent":0,"menu_order":0,"comment_status":"closed","ping_status":"closed","template":"elementor_header_footer","meta":{"_acf_changed":false,"footnotes":""},"class_list":["post-155","page","type-page","status-publish","has-post-thumbnail","hentry"],"acf":[],"yoast_head":"<!-- This site is optimized with the Yoast SEO plugin v27.5 - https:\/\/yoast.com\/product\/yoast-seo-wordpress\/ -->\n<title>Our Team - Bed &amp; Bike<\/title>\n<meta name=\"description\" content=\"Whether you need advice on your daily adventures, help with your bike, or suggestions for a night out on the town, we\u2019ve got you covered.\" \/>\n<meta name=\"robots\" content=\"index, follow, max-snippet:-1, max-image-preview:large, max-video-preview:-1\" \/>\n<link rel=\"canonical\" href=\"https:\/\/bedandbikecuracao.com\/pt\/nosso-time\/\" \/>\n<meta property=\"og:locale\" content=\"pt_PT\" \/>\n<meta property=\"og:type\" content=\"article\" \/>\n<meta property=\"og:title\" content=\"Our Team - Bed &amp; Bike\" \/>\n<meta property=\"og:description\" content=\"Whether you need advice on your daily adventures, help with your bike, or suggestions for a night out on the town, we\u2019ve got you covered.\" \/>\n<meta property=\"og:url\" content=\"https:\/\/bedandbikecuracao.com\/pt\/nosso-time\/\" \/>\n<meta property=\"og:site_name\" content=\"Bed &amp; Bike\" \/>\n<meta property=\"article:modified_time\" content=\"2024-07-29T10:24:05+00:00\" \/>\n<meta property=\"og:image\" content=\"https:\/\/bedandbikecuracao.com\/wp-content\/uploads\/2024\/07\/Logo-Bed-Bike-Curacao-COLOR-2-new.png\" \/>\n\t<meta property=\"og:image:width\" content=\"200\" \/>\n\t<meta property=\"og:image:height\" content=\"200\" \/>\n\t<meta property=\"og:image:type\" content=\"image\/png\" \/>\n<meta name=\"twitter:card\" content=\"summary_large_image\" \/>\n<meta name=\"twitter:label1\" content=\"Est. reading time\" \/>\n\t<meta name=\"twitter:data1\" content=\"1 minuto\" \/>\n<script type=\"application\/ld+json\" class=\"yoast-schema-graph\">{\"@context\":\"https:\\\/\\\/schema.org\",\"@graph\":[{\"@type\":\"WebPage\",\"@id\":\"https:\\\/\\\/bedandbikecuracao.com\\\/our-team\\\/\",\"url\":\"https:\\\/\\\/bedandbikecuracao.com\\\/our-team\\\/\",\"name\":\"Our Team - Bed &amp; Bike\",\"isPartOf\":{\"@id\":\"https:\\\/\\\/bedandbikecuracao.com\\\/#website\"},\"primaryImageOfPage\":{\"@id\":\"https:\\\/\\\/bedandbikecuracao.com\\\/our-team\\\/#primaryimage\"},\"image\":{\"@id\":\"https:\\\/\\\/bedandbikecuracao.com\\\/our-team\\\/#primaryimage\"},\"thumbnailUrl\":\"https:\\\/\\\/bedandbikecuracao.com\\\/wp-content\\\/uploads\\\/2024\\\/07\\\/Logo-Bed-Bike-Curacao-COLOR-2-new.png\",\"datePublished\":\"2024-01-31T15:12:24+00:00\",\"dateModified\":\"2024-07-29T10:24:05+00:00\",\"description\":\"Whether you need advice on your daily adventures, help with your bike, or suggestions for a night out on the town, we\u2019ve got you covered.\",\"breadcrumb\":{\"@id\":\"https:\\\/\\\/bedandbikecuracao.com\\\/our-team\\\/#breadcrumb\"},\"inLanguage\":\"pt-PT\",\"potentialAction\":[{\"@type\":\"ReadAction\",\"target\":[\"https:\\\/\\\/bedandbikecuracao.com\\\/our-team\\\/\"]}]},{\"@type\":\"ImageObject\",\"inLanguage\":\"pt-PT\",\"@id\":\"https:\\\/\\\/bedandbikecuracao.com\\\/our-team\\\/#primaryimage\",\"url\":\"https:\\\/\\\/bedandbikecuracao.com\\\/wp-content\\\/uploads\\\/2024\\\/07\\\/Logo-Bed-Bike-Curacao-COLOR-2-new.png\",\"contentUrl\":\"https:\\\/\\\/bedandbikecuracao.com\\\/wp-content\\\/uploads\\\/2024\\\/07\\\/Logo-Bed-Bike-Curacao-COLOR-2-new.png\",\"width\":200,\"height\":200},{\"@type\":\"BreadcrumbList\",\"@id\":\"https:\\\/\\\/bedandbikecuracao.com\\\/our-team\\\/#breadcrumb\",\"itemListElement\":[{\"@type\":\"ListItem\",\"position\":1,\"name\":\"Home\",\"item\":\"https:\\\/\\\/bedandbikecuracao.com\\\/\"},{\"@type\":\"ListItem\",\"position\":2,\"name\":\"Our Team\"}]},{\"@type\":\"WebSite\",\"@id\":\"https:\\\/\\\/bedandbikecuracao.com\\\/#website\",\"url\":\"https:\\\/\\\/bedandbikecuracao.com\\\/\",\"name\":\"Bed &amp; Bike\",\"description\":\"\",\"potentialAction\":[{\"@type\":\"SearchAction\",\"target\":{\"@type\":\"EntryPoint\",\"urlTemplate\":\"https:\\\/\\\/bedandbikecuracao.com\\\/?s={search_term_string}\"},\"query-input\":{\"@type\":\"PropertyValueSpecification\",\"valueRequired\":true,\"valueName\":\"search_term_string\"}}],\"inLanguage\":\"pt-PT\"}]}<\/script>\n<!-- \/ Yoast SEO plugin. -->","yoast_head_json":{"title":"Nossa Equipe - Cama e Bicicleta","description":"Se voc\u00ea precisa de conselhos sobre suas aventuras di\u00e1rias, ajuda com sua bicicleta ou sugest\u00f5es para uma noite na cidade, n\u00f3s temos o que voc\u00ea precisa.","robots":{"index":"index","follow":"follow","max-snippet":"max-snippet:-1","max-image-preview":"max-image-preview:large","max-video-preview":"max-video-preview:-1"},"canonical":"https:\/\/bedandbikecuracao.com\/pt\/nosso-time\/","og_locale":"pt_PT","og_type":"article","og_title":"Our Team - Bed &amp; Bike","og_description":"Whether you need advice on your daily adventures, help with your bike, or suggestions for a night out on the town, we\u2019ve got you covered.","og_url":"https:\/\/bedandbikecuracao.com\/pt\/nosso-time\/","og_site_name":"Bed &amp; Bike","article_modified_time":"2024-07-29T10:24:05+00:00","og_image":[{"width":200,"height":200,"url":"https:\/\/bedandbikecuracao.com\/wp-content\/uploads\/2024\/07\/Logo-Bed-Bike-Curacao-COLOR-2-new.png","type":"image\/png"}],"twitter_card":"summary_large_image","twitter_misc":{"Est. reading time":"1 minuto"},"schema":{"@context":"https:\/\/schema.org","@graph":[{"@type":"WebPage","@id":"https:\/\/bedandbikecuracao.com\/our-team\/","url":"https:\/\/bedandbikecuracao.com\/our-team\/","name":"Nossa Equipe - Cama e Bicicleta","isPartOf":{"@id":"https:\/\/bedandbikecuracao.com\/#website"},"primaryImageOfPage":{"@id":"https:\/\/bedandbikecuracao.com\/our-team\/#primaryimage"},"image":{"@id":"https:\/\/bedandbikecuracao.com\/our-team\/#primaryimage"},"thumbnailUrl":"https:\/\/bedandbikecuracao.com\/wp-content\/uploads\/2024\/07\/Logo-Bed-Bike-Curacao-COLOR-2-new.png","datePublished":"2024-01-31T15:12:24+00:00","dateModified":"2024-07-29T10:24:05+00:00","description":"Se voc\u00ea precisa de conselhos sobre suas aventuras di\u00e1rias, ajuda com sua bicicleta ou sugest\u00f5es para uma noite na cidade, n\u00f3s temos o que voc\u00ea precisa.","breadcrumb":{"@id":"https:\/\/bedandbikecuracao.com\/our-team\/#breadcrumb"},"inLanguage":"pt-PT","potentialAction":[{"@type":"ReadAction","target":["https:\/\/bedandbikecuracao.com\/our-team\/"]}]},{"@type":"ImageObject","inLanguage":"pt-PT","@id":"https:\/\/bedandbikecuracao.com\/our-team\/#primaryimage","url":"https:\/\/bedandbikecuracao.com\/wp-content\/uploads\/2024\/07\/Logo-Bed-Bike-Curacao-COLOR-2-new.png","contentUrl":"https:\/\/bedandbikecuracao.com\/wp-content\/uploads\/2024\/07\/Logo-Bed-Bike-Curacao-COLOR-2-new.png","width":200,"height":200},{"@type":"BreadcrumbList","@id":"https:\/\/bedandbikecuracao.com\/our-team\/#breadcrumb","itemListElement":[{"@type":"ListItem","position":1,"name":"Home","item":"https:\/\/bedandbikecuracao.com\/"},{"@type":"ListItem","position":2,"name":"Our Team"}]},{"@type":"WebSite","@id":"https:\/\/bedandbikecuracao.com\/#website","url":"https:\/\/bedandbikecuracao.com\/","name":"Cama e bicicleta","description":"","potentialAction":[{"@type":"SearchAction","target":{"@type":"EntryPoint","urlTemplate":"https:\/\/bedandbikecuracao.com\/?s={search_term_string}"},"query-input":{"@type":"PropertyValueSpecification","valueRequired":true,"valueName":"search_term_string"}}],"inLanguage":"pt-PT"}]}},"_links":{"self":[{"href":"https:\/\/bedandbikecuracao.com\/pt\/wp-json\/wp\/v2\/pages\/155","targetHints":{"allow":["GET"]}}],"collection":[{"href":"https:\/\/bedandbikecuracao.com\/pt\/wp-json\/wp\/v2\/pages"}],"about":[{"href":"https:\/\/bedandbikecuracao.com\/pt\/wp-json\/wp\/v2\/types\/page"}],"author":[{"embeddable":true,"href":"https:\/\/bedandbikecuracao.com\/pt\/wp-json\/wp\/v2\/users\/1"}],"replies":[{"embeddable":true,"href":"https:\/\/bedandbikecuracao.com\/pt\/wp-json\/wp\/v2\/comments?post=155"}],"version-history":[{"count":44,"href":"https:\/\/bedandbikecuracao.com\/pt\/wp-json\/wp\/v2\/pages\/155\/revisions"}],"predecessor-version":[{"id":3001,"href":"https:\/\/bedandbikecuracao.com\/pt\/wp-json\/wp\/v2\/pages\/155\/revisions\/3001"}],"wp:featuredmedia":[{"embeddable":true,"href":"https:\/\/bedandbikecuracao.com\/pt\/wp-json\/wp\/v2\/media\/3223"}],"wp:attachment":[{"href":"https:\/\/bedandbikecuracao.com\/pt\/wp-json\/wp\/v2\/media?parent=155"}],"curies":[{"name":"wp","href":"https:\/\/api.w.org\/{rel}","templated":true}]}}