{"id":131,"date":"2024-01-31T15:11:32","date_gmt":"2024-01-31T15:11:32","guid":{"rendered":"https:\/\/bedandbikecuracao.com\/?page_id=131"},"modified":"2026-03-14T06:22:50","modified_gmt":"2026-03-14T06:22:50","slug":"pacote-nr7-da-sorte","status":"publish","type":"page","link":"https:\/\/bedandbikecuracao.com\/pt\/lucky-nr7-package\/","title":{"rendered":"Pacote Sorte nr7"},"content":{"rendered":"<div data-elementor-type=\"wp-page\" data-elementor-id=\"131\" class=\"elementor elementor-131\" data-elementor-post-type=\"page\">\n\t\t\t\t\t\t<section class=\"elementor-section elementor-top-section elementor-element elementor-element-78a7414 elementor-section-boxed elementor-section-height-default elementor-section-height-default\" data-id=\"78a7414\" data-element_type=\"section\" data-e-type=\"section\">\n\t\t\t\t\t\t<div class=\"elementor-container elementor-column-gap-no\">\n\t\t\t\t\t<div class=\"elementor-column elementor-col-50 elementor-top-column elementor-element elementor-element-bbd66a1\" data-id=\"bbd66a1\" data-element_type=\"column\" data-e-type=\"column\">\n\t\t\t<div class=\"elementor-widget-wrap elementor-element-populated\">\n\t\t\t\t\t\t<div class=\"elementor-element elementor-element-716fe56 elementor-widget elementor-widget-heading\" data-id=\"716fe56\" data-element_type=\"widget\" data-e-type=\"widget\" data-widget_type=\"heading.default\">\n\t\t\t\t<div class=\"elementor-widget-container\">\n\t\t\t\t\t<h2 class=\"elementor-heading-title elementor-size-default\">Pacote Lucky #7: 2 pessoas, 2 hot\u00e9is, aluguel de carro e mais, tudo por apenas $777!<\/h2>\t\t\t\t<\/div>\n\t\t\t\t<\/div>\n\t\t\t\t<div class=\"elementor-element elementor-element-2ce363c elementor-widget elementor-widget-text-editor\" data-id=\"2ce363c\" data-element_type=\"widget\" data-e-type=\"widget\" data-widget_type=\"text-editor.default\">\n\t\t\t\t<div class=\"elementor-widget-container\">\n\t\t\t\t\t\t\t\t\t<p><strong style=\"font-size: inherit; text-align: inherit; letter-spacing: -0.2px; background-color: #f5efe0;\">Pacote estendido de 9 noites* tamb\u00e9m dispon\u00edvel para $999.<\/strong><\/p><ul><li>3 dias em Pietermaai<\/li><li>4 dias em Jan Thiel<\/li><li>Aluguel de carro por 7 dias<\/li><li>Utiliza\u00e7\u00e3o gratuita das nossas bicicletas urbanas e de montanha<\/li><\/ul><p><strong>*Observa\u00e7\u00e3o:<\/strong> O pacote N\u00c3O est\u00e1 dispon\u00edvel de 15 de novembro a 15 de mar\u00e7o<\/p><p><em>Os pre\u00e7os dos pacotes n\u00e3o incluem imposto 19% e taxa de servi\u00e7o.<\/em><\/p>\t\t\t\t\t\t\t\t<\/div>\n\t\t\t\t<\/div>\n\t\t\t\t\t<\/div>\n\t\t<\/div>\n\t\t\t\t<div class=\"elementor-column elementor-col-50 elementor-top-column elementor-element elementor-element-c43ffb3\" data-id=\"c43ffb3\" data-element_type=\"column\" data-e-type=\"column\">\n\t\t\t<div class=\"elementor-widget-wrap elementor-element-populated\">\n\t\t\t\t\t\t<div class=\"elementor-element elementor-element-4afae14 elementor-arrows-position-inside elementor-pagination-position-outside elementor-widget elementor-widget-image-carousel\" data-id=\"4afae14\" data-element_type=\"widget\" data-e-type=\"widget\" data-settings=\"{&quot;slides_to_show&quot;:&quot;1&quot;,&quot;navigation&quot;:&quot;both&quot;,&quot;autoplay&quot;:&quot;yes&quot;,&quot;pause_on_hover&quot;:&quot;yes&quot;,&quot;pause_on_interaction&quot;:&quot;yes&quot;,&quot;autoplay_speed&quot;:5000,&quot;infinite&quot;:&quot;yes&quot;,&quot;effect&quot;:&quot;slide&quot;,&quot;speed&quot;:500}\" data-widget_type=\"image-carousel.default\">\n\t\t\t\t<div class=\"elementor-widget-container\">\n\t\t\t\t\t\t\t<div class=\"elementor-image-carousel-wrapper swiper\" role=\"region\" aria-roledescription=\"carousel\" aria-label=\"Image Carousel\" dir=\"ltr\">\n\t\t\t<div class=\"elementor-image-carousel swiper-wrapper swiper-image-stretch\" aria-live=\"off\">\n\t\t\t\t\t\t\t\t<div class=\"swiper-slide\" role=\"group\" aria-roledescription=\"slide\" aria-label=\"1 of 4\"><a data-elementor-open-lightbox=\"yes\" data-elementor-lightbox-slideshow=\"4afae14\" data-e-action-hash=\"#elementor-action%3Aaction%3Dlightbox%26settings%3DeyJpZCI6MjUwMywidXJsIjoiaHR0cHM6XC9cL2JlZGFuZGJpa2VjdXJhY2FvLmNvbVwvd3AtY29udGVudFwvdXBsb2Fkc1wvMjAyNFwvMDRcL0RTQzAwNTEzLUhEUi5qcGciLCJzbGlkZXNob3ciOiI0YWZhZTE0In0%3D\" href=\"https:\/\/bedandbikecuracao.com\/wp-content\/uploads\/2024\/04\/DSC00513-HDR.jpg\"><figure class=\"swiper-slide-inner\"><img decoding=\"async\" class=\"swiper-slide-image\" src=\"https:\/\/bedandbikecuracao.com\/wp-content\/uploads\/2024\/04\/DSC00513-HDR-768x513.jpg\" alt=\"DSC00513-HDR\" \/><\/figure><\/a><\/div><div class=\"swiper-slide\" role=\"group\" aria-roledescription=\"slide\" aria-label=\"2 of 4\"><a data-elementor-open-lightbox=\"yes\" data-elementor-lightbox-slideshow=\"4afae14\" data-e-action-hash=\"#elementor-action%3Aaction%3Dlightbox%26settings%3DeyJpZCI6MjUwNCwidXJsIjoiaHR0cHM6XC9cL2JlZGFuZGJpa2VjdXJhY2FvLmNvbVwvd3AtY29udGVudFwvdXBsb2Fkc1wvMjAyNFwvMDRcL0RTQzAwNTM5LUVkaXQuanBnIiwic2xpZGVzaG93IjoiNGFmYWUxNCJ9\" href=\"https:\/\/bedandbikecuracao.com\/wp-content\/uploads\/2024\/04\/DSC00539-Edit.jpg\"><figure class=\"swiper-slide-inner\"><img decoding=\"async\" class=\"swiper-slide-image\" src=\"https:\/\/bedandbikecuracao.com\/wp-content\/uploads\/2024\/04\/DSC00539-Edit-768x513.jpg\" alt=\"DSC00539-Editar\" \/><\/figure><\/a><\/div><div class=\"swiper-slide\" role=\"group\" aria-roledescription=\"slide\" aria-label=\"3 of 4\"><a data-elementor-open-lightbox=\"yes\" data-elementor-lightbox-slideshow=\"4afae14\" data-e-action-hash=\"#elementor-action%3Aaction%3Dlightbox%26settings%3DeyJpZCI6MjQzOCwidXJsIjoiaHR0cHM6XC9cL2JlZGFuZGJpa2VjdXJhY2FvLmNvbVwvd3AtY29udGVudFwvdXBsb2Fkc1wvMjAyNFwvMDRcL0RTQzAwMTk3LUVkaXQtRWRpdC5qcGciLCJzbGlkZXNob3ciOiI0YWZhZTE0In0%3D\" href=\"https:\/\/bedandbikecuracao.com\/wp-content\/uploads\/2024\/04\/DSC00197-Edit-Edit.jpg\"><figure class=\"swiper-slide-inner\"><img decoding=\"async\" class=\"swiper-slide-image\" src=\"https:\/\/bedandbikecuracao.com\/wp-content\/uploads\/2024\/04\/DSC00197-Edit-Edit-768x513.jpg\" alt=\"DSC00197-Editar-Editar\" \/><\/figure><\/a><\/div><div class=\"swiper-slide\" role=\"group\" aria-roledescription=\"slide\" aria-label=\"4 of 4\"><a data-elementor-open-lightbox=\"yes\" data-elementor-lightbox-slideshow=\"4afae14\" data-e-action-hash=\"#elementor-action%3Aaction%3Dlightbox%26settings%3DeyJpZCI6MjQ0OCwidXJsIjoiaHR0cHM6XC9cL2JlZGFuZGJpa2VjdXJhY2FvLmNvbVwvd3AtY29udGVudFwvdXBsb2Fkc1wvMjAyNFwvMDRcL0RTQzAwMzEzLmpwZyIsInNsaWRlc2hvdyI6IjRhZmFlMTQifQ%3D%3D\" href=\"https:\/\/bedandbikecuracao.com\/wp-content\/uploads\/2024\/04\/DSC00313.jpg\"><figure class=\"swiper-slide-inner\"><img decoding=\"async\" class=\"swiper-slide-image\" src=\"https:\/\/bedandbikecuracao.com\/wp-content\/uploads\/2024\/04\/DSC00313-768x486.jpg\" alt=\"DSC00313\" \/><\/figure><\/a><\/div>\t\t\t<\/div>\n\t\t\t\t\t\t\t\t\t\t\t\t<div class=\"elementor-swiper-button elementor-swiper-button-prev\" role=\"button\" tabindex=\"0\">\n\t\t\t\t\t\t<svg aria-hidden=\"true\" class=\"e-font-icon-svg e-eicon-chevron-left\" viewbox=\"0 0 1000 1000\" xmlns=\"http:\/\/www.w3.org\/2000\/svg\"><path d=\"M646 125C629 125 613 133 604 142L308 442C296 454 292 471 292 487 292 504 296 521 308 533L604 854C617 867 629 875 646 875 663 875 679 871 692 858 704 846 713 829 713 812 713 796 708 779 692 767L438 487 692 225C700 217 708 204 708 187 708 171 704 154 692 142 675 129 663 125 646 125Z\"><\/path><\/svg>\t\t\t\t\t<\/div>\n\t\t\t\t\t<div class=\"elementor-swiper-button elementor-swiper-button-next\" role=\"button\" tabindex=\"0\">\n\t\t\t\t\t\t<svg aria-hidden=\"true\" class=\"e-font-icon-svg e-eicon-chevron-right\" viewbox=\"0 0 1000 1000\" xmlns=\"http:\/\/www.w3.org\/2000\/svg\"><path d=\"M696 533C708 521 713 504 713 487 713 471 708 454 696 446L400 146C388 133 375 125 354 125 338 125 325 129 313 142 300 154 292 171 292 187 292 204 296 221 308 233L563 492 304 771C292 783 288 800 288 817 288 833 296 850 308 863 321 871 338 875 354 875 371 875 388 867 400 854L696 533Z\"><\/path><\/svg>\t\t\t\t\t<\/div>\n\t\t\t\t\n\t\t\t\t\t\t\t\t\t<div class=\"swiper-pagination\"><\/div>\n\t\t\t\t\t\t\t\t\t<\/div>\n\t\t\t\t\t\t<\/div>\n\t\t\t\t<\/div>\n\t\t\t\t\t<\/div>\n\t\t<\/div>\n\t\t\t\t\t<\/div>\n\t\t<\/section>\n\t\t\t\t<section class=\"elementor-section elementor-top-section elementor-element elementor-element-d29c1c2 elementor-section-full_width elementor-section-height-default elementor-section-height-default\" data-id=\"d29c1c2\" data-element_type=\"section\" data-e-type=\"section\" data-settings=\"{&quot;background_background&quot;:&quot;classic&quot;}\">\n\t\t\t\t\t\t\t<div class=\"elementor-background-overlay\"><\/div>\n\t\t\t\t\t\t\t<div class=\"elementor-container elementor-column-gap-no\">\n\t\t\t\t\t<div class=\"elementor-column elementor-col-100 elementor-top-column elementor-element elementor-element-0faf6b7\" data-id=\"0faf6b7\" data-element_type=\"column\" data-e-type=\"column\">\n\t\t\t<div class=\"elementor-widget-wrap elementor-element-populated\">\n\t\t\t\t\t\t<section class=\"elementor-section elementor-inner-section elementor-element elementor-element-a148fcf elementor-section-boxed elementor-section-height-default elementor-section-height-default\" data-id=\"a148fcf\" data-element_type=\"section\" data-e-type=\"section\">\n\t\t\t\t\t\t<div class=\"elementor-container elementor-column-gap-no\">\n\t\t\t\t\t<div class=\"elementor-column elementor-col-50 elementor-inner-column elementor-element elementor-element-76bfcbb\" data-id=\"76bfcbb\" data-element_type=\"column\" data-e-type=\"column\">\n\t\t\t<div class=\"elementor-widget-wrap elementor-element-populated\">\n\t\t\t\t\t\t<div class=\"elementor-element elementor-element-d877601 elementor-widget__width-inherit elementor-widget-tablet__width-inherit elementor-widget elementor-widget-heading\" data-id=\"d877601\" data-element_type=\"widget\" data-e-type=\"widget\" data-widget_type=\"heading.default\">\n\t\t\t\t<div class=\"elementor-widget-container\">\n\t\t\t\t\t<h2 class=\"elementor-heading-title elementor-size-default\">Descubra a fascinante paisagem natural e a cultura deslumbrante<\/h2>\t\t\t\t<\/div>\n\t\t\t\t<\/div>\n\t\t\t\t\t<\/div>\n\t\t<\/div>\n\t\t\t\t<div class=\"elementor-column elementor-col-50 elementor-inner-column elementor-element elementor-element-847b585\" data-id=\"847b585\" data-element_type=\"column\" data-e-type=\"column\">\n\t\t\t<div class=\"elementor-widget-wrap elementor-element-populated\">\n\t\t\t\t\t\t<div class=\"elementor-element elementor-element-4d407e2 elementor-widget elementor-widget-text-editor\" data-id=\"4d407e2\" data-element_type=\"widget\" data-e-type=\"widget\" data-widget_type=\"text-editor.default\">\n\t\t\t\t<div class=\"elementor-widget-container\">\n\t\t\t\t\t\t\t\t\t<p>Cura\u00e7ao \u00e9 verdadeiramente uma ilha paradis\u00edaca, cheia de belas paisagens, praias quentes, habitantes locais amig\u00e1veis e cultura caribenha colorida. Mergulhe na experi\u00eancia de uma vida - uma experi\u00eancia que inspirar\u00e1 seus sentidos e far\u00e1 voc\u00ea nunca mais querer sair.<\/p>\t\t\t\t\t\t\t\t<\/div>\n\t\t\t\t<\/div>\n\t\t\t\t<div class=\"elementor-element elementor-element-05e5bf9 elementor-widget elementor-widget-jkit_button\" data-id=\"05e5bf9\" data-element_type=\"widget\" data-e-type=\"widget\" data-widget_type=\"jkit_button.default\">\n\t\t\t\t<div class=\"elementor-widget-container\">\n\t\t\t\t\t<div  class=\"jeg-elementor-kit jkit-button  icon-position-after jeg_module___69f73e79eda42\" ><a href=\"https:\/\/bedandbikecuracao.com\/pt\/locais-de-alojamento\/\" class=\"jkit-button-wrapper\">Descubra mais<i class=\"icon-colored jki jki-right-arrow1-light\" aria-hidden=\"true\"><\/i><\/a><\/div>\t\t\t\t<\/div>\n\t\t\t\t<\/div>\n\t\t\t\t\t<\/div>\n\t\t<\/div>\n\t\t\t\t\t<\/div>\n\t\t<\/section>\n\t\t\t\t<section class=\"elementor-section elementor-inner-section elementor-element elementor-element-c713fd1 elementor-section-full_width elementor-section-height-default elementor-section-height-default\" data-id=\"c713fd1\" data-element_type=\"section\" data-e-type=\"section\">\n\t\t\t\t\t\t<div class=\"elementor-container elementor-column-gap-no\">\n\t\t\t\t\t<div class=\"elementor-column elementor-col-100 elementor-inner-column elementor-element elementor-element-be200af\" data-id=\"be200af\" data-element_type=\"column\" data-e-type=\"column\">\n\t\t\t<div class=\"elementor-widget-wrap elementor-element-populated\">\n\t\t\t\t\t\t<div class=\"elementor-element elementor-element-8a73efe elementor-widget elementor-widget-jkit_portfolio_gallery\" data-id=\"8a73efe\" data-element_type=\"widget\" data-e-type=\"widget\" data-widget_type=\"jkit_portfolio_gallery.default\">\n\t\t\t\t<div class=\"elementor-widget-container\">\n\t\t\t\t\t<div  class=\"jeg-elementor-kit jkit-portfolio-gallery on-hover jeg_module__1_69f73e79f2558\" ><div class=\"portfolio-gallery-container\">\n            <div class=\"row-items\"><div class=\"row-item elementor-repeater-item-b368129 current-item\" data-tab=\"portfolio-gallery-tab-0\"><div class=\"row-item-info\">\n            <p class=\"info-subtitle\">Visite o Bed&amp;Bike Hotel em<\/p>\n            <h2 class=\"info-title\"> Pietermaai<\/h2>\n        <\/div><div class=\"row-item-more position-after\"><a href=\"https:\/\/bedandbikecuracao.com\/pt\/cidade-de-pietermaai\/\">Op\u00e7\u00f5es de acomoda\u00e7\u00e3o \u2192<\/a><\/div><\/div><div class=\"row-item elementor-repeater-item-796f4e7\" data-tab=\"portfolio-gallery-tab-1\"><div class=\"row-item-info\">\n            <p class=\"info-subtitle\">Visite o Bed&amp;Bike Hotel em<\/p>\n            <h2 class=\"info-title\">Jan Thiel<\/h2>\n        <\/div><div class=\"row-item-more position-after\"><a href=\"https:\/\/bedandbikecuracao.com\/pt\/praia-de-jan-thiel\/\">Op\u00e7\u00f5es de acomoda\u00e7\u00e3o \u2192<\/a><\/div><\/div><div class=\"row-item elementor-repeater-item-746ca17 current-item\" data-tab=\"portfolio-gallery-tab-2\"><div class=\"row-item-info\">\n            <p class=\"info-subtitle\">Visite o Bed&amp;Bike Hotel em<\/p>\n            <h2 class=\"info-title\">Westpunt<\/h2>\n        <\/div><div class=\"row-item-more position-after\"><a href=\"https:\/\/bedandbikecuracao.com\/pt\/westpunt-punta-kalki\/\">Op\u00e7\u00f5es de acomoda\u00e7\u00e3o \u2192<\/a><\/div><\/div><\/div>\n            <div class=\"gallery-items\"><div id=\"portfolio-gallery-tab-0\" class=\"image-item current-item\" data-background=\"https:\/\/bedandbikecuracao.com\/wp-content\/uploads\/2024\/02\/62edad_8a9502cdc82e4545a769d8d60c87392emv2.webp\" style=\"background-image:url(https:\/\/bedandbikecuracao.com\/wp-content\/uploads\/2024\/02\/62edad_8a9502cdc82e4545a769d8d60c87392emv2.webp);\"><\/div><div id=\"portfolio-gallery-tab-1\" class=\"image-item\" data-background=\"https:\/\/bedandbikecuracao.com\/wp-content\/uploads\/2024\/02\/JanThiel-ExtraSliderGallery-BB_0024_Layer-1.jpg\" style=\"background-image:url(https:\/\/bedandbikecuracao.com\/wp-content\/uploads\/2024\/02\/JanThiel-ExtraSliderGallery-BB_0024_Layer-1.jpg);\"><\/div><div id=\"portfolio-gallery-tab-2\" class=\"image-item current-item\" data-background=\"https:\/\/bedandbikecuracao.com\/wp-content\/uploads\/2024\/02\/JanThiel-ExtraSliderGallery-BB_0023_Layer-3.jpg\" style=\"background-image:url(https:\/\/bedandbikecuracao.com\/wp-content\/uploads\/2024\/02\/JanThiel-ExtraSliderGallery-BB_0023_Layer-3.jpg);\"><\/div><\/div>\n        <\/div><\/div>\t\t\t\t<\/div>\n\t\t\t\t<\/div>\n\t\t\t\t\t<\/div>\n\t\t<\/div>\n\t\t\t\t\t<\/div>\n\t\t<\/section>\n\t\t\t\t\t<\/div>\n\t\t<\/div>\n\t\t\t\t\t<\/div>\n\t\t<\/section>\n\t\t\t\t<\/div>","protected":false},"excerpt":{"rendered":"<p>Lucky #7 Package: 2 people, 2 hotels, rental car + more, all for just $777! Extended 9-night package* also available for $999. 3 days at Pietermaai 4 days at Jan Thiel 7-day car rental Free use of our city and mountain bikes *Note: Package is NOT available from November 15th \u2013 March 15th Package prices [&hellip;]<\/p>\n","protected":false},"author":1,"featured_media":3223,"parent":0,"menu_order":0,"comment_status":"closed","ping_status":"closed","template":"elementor_header_footer","meta":{"_acf_changed":false,"footnotes":""},"class_list":["post-131","page","type-page","status-publish","has-post-thumbnail","hentry"],"acf":[],"yoast_head":"<!-- This site is optimized with the Yoast SEO plugin v27.5 - https:\/\/yoast.com\/product\/yoast-seo-wordpress\/ -->\n<title>Lucky nr7 Package - Bed &amp; Bike Curacao<\/title>\n<meta name=\"description\" content=\"Lucky #7 Package: 2 people, 2 hotels, rental car + more, all for just $777! Check the page for more details or contact us via email.\" \/>\n<meta name=\"robots\" content=\"index, follow, max-snippet:-1, max-image-preview:large, max-video-preview:-1\" \/>\n<link rel=\"canonical\" href=\"https:\/\/bedandbikecuracao.com\/pt\/pacote-nr7-da-sorte\/\" \/>\n<meta property=\"og:locale\" content=\"pt_PT\" \/>\n<meta property=\"og:type\" content=\"article\" \/>\n<meta property=\"og:title\" content=\"Lucky nr7 Package - Bed &amp; Bike Curacao\" \/>\n<meta property=\"og:description\" content=\"Lucky #7 Package: 2 people, 2 hotels, rental car + more, all for just $777! Check the page for more details or contact us via email.\" \/>\n<meta property=\"og:url\" content=\"https:\/\/bedandbikecuracao.com\/pt\/pacote-nr7-da-sorte\/\" \/>\n<meta property=\"og:site_name\" content=\"Bed &amp; Bike\" \/>\n<meta property=\"article:modified_time\" content=\"2026-03-14T06:22:50+00:00\" \/>\n<meta property=\"og:image\" content=\"https:\/\/bedandbikecuracao.com\/wp-content\/uploads\/2024\/07\/Logo-Bed-Bike-Curacao-COLOR-2-new.png\" \/>\n\t<meta property=\"og:image:width\" content=\"200\" \/>\n\t<meta property=\"og:image:height\" content=\"200\" \/>\n\t<meta property=\"og:image:type\" content=\"image\/png\" \/>\n<meta name=\"twitter:card\" content=\"summary_large_image\" \/>\n<meta name=\"twitter:label1\" content=\"Est. reading time\" \/>\n\t<meta name=\"twitter:data1\" content=\"2 minutos\" \/>\n<script type=\"application\/ld+json\" class=\"yoast-schema-graph\">{\"@context\":\"https:\\\/\\\/schema.org\",\"@graph\":[{\"@type\":\"WebPage\",\"@id\":\"https:\\\/\\\/bedandbikecuracao.com\\\/lucky-nr7-package\\\/\",\"url\":\"https:\\\/\\\/bedandbikecuracao.com\\\/lucky-nr7-package\\\/\",\"name\":\"Lucky nr7 Package - Bed &amp; Bike Curacao\",\"isPartOf\":{\"@id\":\"https:\\\/\\\/bedandbikecuracao.com\\\/#website\"},\"primaryImageOfPage\":{\"@id\":\"https:\\\/\\\/bedandbikecuracao.com\\\/lucky-nr7-package\\\/#primaryimage\"},\"image\":{\"@id\":\"https:\\\/\\\/bedandbikecuracao.com\\\/lucky-nr7-package\\\/#primaryimage\"},\"thumbnailUrl\":\"https:\\\/\\\/bedandbikecuracao.com\\\/wp-content\\\/uploads\\\/2024\\\/07\\\/Logo-Bed-Bike-Curacao-COLOR-2-new.png\",\"datePublished\":\"2024-01-31T15:11:32+00:00\",\"dateModified\":\"2026-03-14T06:22:50+00:00\",\"description\":\"Lucky #7 Package: 2 people, 2 hotels, rental car + more, all for just $777! Check the page for more details or contact us via email.\",\"breadcrumb\":{\"@id\":\"https:\\\/\\\/bedandbikecuracao.com\\\/lucky-nr7-package\\\/#breadcrumb\"},\"inLanguage\":\"pt-PT\",\"potentialAction\":[{\"@type\":\"ReadAction\",\"target\":[\"https:\\\/\\\/bedandbikecuracao.com\\\/lucky-nr7-package\\\/\"]}]},{\"@type\":\"ImageObject\",\"inLanguage\":\"pt-PT\",\"@id\":\"https:\\\/\\\/bedandbikecuracao.com\\\/lucky-nr7-package\\\/#primaryimage\",\"url\":\"https:\\\/\\\/bedandbikecuracao.com\\\/wp-content\\\/uploads\\\/2024\\\/07\\\/Logo-Bed-Bike-Curacao-COLOR-2-new.png\",\"contentUrl\":\"https:\\\/\\\/bedandbikecuracao.com\\\/wp-content\\\/uploads\\\/2024\\\/07\\\/Logo-Bed-Bike-Curacao-COLOR-2-new.png\",\"width\":200,\"height\":200},{\"@type\":\"BreadcrumbList\",\"@id\":\"https:\\\/\\\/bedandbikecuracao.com\\\/lucky-nr7-package\\\/#breadcrumb\",\"itemListElement\":[{\"@type\":\"ListItem\",\"position\":1,\"name\":\"Home\",\"item\":\"https:\\\/\\\/bedandbikecuracao.com\\\/\"},{\"@type\":\"ListItem\",\"position\":2,\"name\":\"Lucky nr7 Package\"}]},{\"@type\":\"WebSite\",\"@id\":\"https:\\\/\\\/bedandbikecuracao.com\\\/#website\",\"url\":\"https:\\\/\\\/bedandbikecuracao.com\\\/\",\"name\":\"Bed &amp; Bike\",\"description\":\"\",\"potentialAction\":[{\"@type\":\"SearchAction\",\"target\":{\"@type\":\"EntryPoint\",\"urlTemplate\":\"https:\\\/\\\/bedandbikecuracao.com\\\/?s={search_term_string}\"},\"query-input\":{\"@type\":\"PropertyValueSpecification\",\"valueRequired\":true,\"valueName\":\"search_term_string\"}}],\"inLanguage\":\"pt-PT\"}]}<\/script>\n<!-- \/ Yoast SEO plugin. -->","yoast_head_json":{"title":"Pacote Lucky nr7 - Bed &amp; Bike Cura\u00e7ao","description":"Pacote Lucky #7: 2 pessoas, 2 hot\u00e9is, aluguel de carro e mais, tudo por apenas $777! Confira a p\u00e1gina para mais detalhes ou entre em contato conosco por e-mail.","robots":{"index":"index","follow":"follow","max-snippet":"max-snippet:-1","max-image-preview":"max-image-preview:large","max-video-preview":"max-video-preview:-1"},"canonical":"https:\/\/bedandbikecuracao.com\/pt\/pacote-nr7-da-sorte\/","og_locale":"pt_PT","og_type":"article","og_title":"Lucky nr7 Package - Bed &amp; Bike Curacao","og_description":"Lucky #7 Package: 2 people, 2 hotels, rental car + more, all for just $777! Check the page for more details or contact us via email.","og_url":"https:\/\/bedandbikecuracao.com\/pt\/pacote-nr7-da-sorte\/","og_site_name":"Bed &amp; Bike","article_modified_time":"2026-03-14T06:22:50+00:00","og_image":[{"width":200,"height":200,"url":"https:\/\/bedandbikecuracao.com\/wp-content\/uploads\/2024\/07\/Logo-Bed-Bike-Curacao-COLOR-2-new.png","type":"image\/png"}],"twitter_card":"summary_large_image","twitter_misc":{"Est. reading time":"2 minutos"},"schema":{"@context":"https:\/\/schema.org","@graph":[{"@type":"WebPage","@id":"https:\/\/bedandbikecuracao.com\/lucky-nr7-package\/","url":"https:\/\/bedandbikecuracao.com\/lucky-nr7-package\/","name":"Pacote Lucky nr7 - Bed &amp; Bike Cura\u00e7ao","isPartOf":{"@id":"https:\/\/bedandbikecuracao.com\/#website"},"primaryImageOfPage":{"@id":"https:\/\/bedandbikecuracao.com\/lucky-nr7-package\/#primaryimage"},"image":{"@id":"https:\/\/bedandbikecuracao.com\/lucky-nr7-package\/#primaryimage"},"thumbnailUrl":"https:\/\/bedandbikecuracao.com\/wp-content\/uploads\/2024\/07\/Logo-Bed-Bike-Curacao-COLOR-2-new.png","datePublished":"2024-01-31T15:11:32+00:00","dateModified":"2026-03-14T06:22:50+00:00","description":"Pacote Lucky #7: 2 pessoas, 2 hot\u00e9is, aluguel de carro e mais, tudo por apenas $777! Confira a p\u00e1gina para mais detalhes ou entre em contato conosco por e-mail.","breadcrumb":{"@id":"https:\/\/bedandbikecuracao.com\/lucky-nr7-package\/#breadcrumb"},"inLanguage":"pt-PT","potentialAction":[{"@type":"ReadAction","target":["https:\/\/bedandbikecuracao.com\/lucky-nr7-package\/"]}]},{"@type":"ImageObject","inLanguage":"pt-PT","@id":"https:\/\/bedandbikecuracao.com\/lucky-nr7-package\/#primaryimage","url":"https:\/\/bedandbikecuracao.com\/wp-content\/uploads\/2024\/07\/Logo-Bed-Bike-Curacao-COLOR-2-new.png","contentUrl":"https:\/\/bedandbikecuracao.com\/wp-content\/uploads\/2024\/07\/Logo-Bed-Bike-Curacao-COLOR-2-new.png","width":200,"height":200},{"@type":"BreadcrumbList","@id":"https:\/\/bedandbikecuracao.com\/lucky-nr7-package\/#breadcrumb","itemListElement":[{"@type":"ListItem","position":1,"name":"Home","item":"https:\/\/bedandbikecuracao.com\/"},{"@type":"ListItem","position":2,"name":"Lucky nr7 Package"}]},{"@type":"WebSite","@id":"https:\/\/bedandbikecuracao.com\/#website","url":"https:\/\/bedandbikecuracao.com\/","name":"Cama e bicicleta","description":"","potentialAction":[{"@type":"SearchAction","target":{"@type":"EntryPoint","urlTemplate":"https:\/\/bedandbikecuracao.com\/?s={search_term_string}"},"query-input":{"@type":"PropertyValueSpecification","valueRequired":true,"valueName":"search_term_string"}}],"inLanguage":"pt-PT"}]}},"_links":{"self":[{"href":"https:\/\/bedandbikecuracao.com\/pt\/wp-json\/wp\/v2\/pages\/131","targetHints":{"allow":["GET"]}}],"collection":[{"href":"https:\/\/bedandbikecuracao.com\/pt\/wp-json\/wp\/v2\/pages"}],"about":[{"href":"https:\/\/bedandbikecuracao.com\/pt\/wp-json\/wp\/v2\/types\/page"}],"author":[{"embeddable":true,"href":"https:\/\/bedandbikecuracao.com\/pt\/wp-json\/wp\/v2\/users\/1"}],"replies":[{"embeddable":true,"href":"https:\/\/bedandbikecuracao.com\/pt\/wp-json\/wp\/v2\/comments?post=131"}],"version-history":[{"count":38,"href":"https:\/\/bedandbikecuracao.com\/pt\/wp-json\/wp\/v2\/pages\/131\/revisions"}],"predecessor-version":[{"id":3620,"href":"https:\/\/bedandbikecuracao.com\/pt\/wp-json\/wp\/v2\/pages\/131\/revisions\/3620"}],"wp:featuredmedia":[{"embeddable":true,"href":"https:\/\/bedandbikecuracao.com\/pt\/wp-json\/wp\/v2\/media\/3223"}],"wp:attachment":[{"href":"https:\/\/bedandbikecuracao.com\/pt\/wp-json\/wp\/v2\/media?parent=131"}],"curies":[{"name":"wp","href":"https:\/\/api.w.org\/{rel}","templated":true}]}}