{"id":125,"date":"2024-01-31T15:11:16","date_gmt":"2024-01-31T15:11:16","guid":{"rendered":"https:\/\/bedandbikecuracao.com\/?page_id=125"},"modified":"2024-07-29T10:22:45","modified_gmt":"2024-07-29T10:22:45","slug":"beneficio-de-reserva-direta","status":"publish","type":"page","link":"https:\/\/bedandbikecuracao.com\/pt\/direct-booking-benefit\/","title":{"rendered":"Benef\u00edcio de Reserva Direta"},"content":{"rendered":"<div data-elementor-type=\"wp-page\" data-elementor-id=\"125\" class=\"elementor elementor-125\" data-elementor-post-type=\"page\">\n\t\t\t\t\t\t<section class=\"elementor-section elementor-top-section elementor-element elementor-element-8a39da1 elementor-section-boxed elementor-section-height-default elementor-section-height-default\" data-id=\"8a39da1\" data-element_type=\"section\" data-e-type=\"section\">\n\t\t\t\t\t\t<div class=\"elementor-container elementor-column-gap-no\">\n\t\t\t\t\t<div class=\"elementor-column elementor-col-50 elementor-top-column elementor-element elementor-element-7b9d4e5\" data-id=\"7b9d4e5\" data-element_type=\"column\" data-e-type=\"column\">\n\t\t\t<div class=\"elementor-widget-wrap elementor-element-populated\">\n\t\t\t\t\t\t<div class=\"elementor-element elementor-element-442e776 elementor-widget elementor-widget-heading\" data-id=\"442e776\" data-element_type=\"widget\" data-e-type=\"widget\" data-widget_type=\"heading.default\">\n\t\t\t\t<div class=\"elementor-widget-container\">\n\t\t\t\t\t<h2 class=\"elementor-heading-title elementor-size-default\">Reserve diretamente conosco em nosso site e aproveite esses benef\u00edcios exclusivos<\/h2>\t\t\t\t<\/div>\n\t\t\t\t<\/div>\n\t\t\t\t<div class=\"elementor-element elementor-element-949ab55 elementor-widget elementor-widget-text-editor\" data-id=\"949ab55\" data-element_type=\"widget\" data-e-type=\"widget\" data-widget_type=\"text-editor.default\">\n\t\t\t\t<div class=\"elementor-widget-container\">\n\t\t\t\t\t\t\t\t\t<ul><li>Correspond\u00eancia de pre\u00e7os<\/li><li>Check-in antecipado e check-out tardio (sujeito a disponibilidade)<\/li><li>Pacotes de carro e aeroporto dispon\u00edveis<\/li><li>Descontos em passeios pela ilha<\/li><\/ul><p>Envie-nos um e-mail para <a href=\"mailto:info@bedandbikewestpunt.com\">info@bedandbikewestpunt.com<\/a> para mais detalhes.<\/p>\t\t\t\t\t\t\t\t<\/div>\n\t\t\t\t<\/div>\n\t\t\t\t\t<\/div>\n\t\t<\/div>\n\t\t\t\t<div class=\"elementor-column elementor-col-50 elementor-top-column elementor-element elementor-element-c509e42\" data-id=\"c509e42\" data-element_type=\"column\" data-e-type=\"column\">\n\t\t\t<div class=\"elementor-widget-wrap elementor-element-populated\">\n\t\t\t\t\t\t<div class=\"elementor-element elementor-element-89edf9b elementor-arrows-position-inside elementor-pagination-position-outside elementor-widget elementor-widget-image-carousel\" data-id=\"89edf9b\" data-element_type=\"widget\" data-e-type=\"widget\" data-settings=\"{&quot;slides_to_show&quot;:&quot;1&quot;,&quot;navigation&quot;:&quot;both&quot;,&quot;autoplay&quot;:&quot;yes&quot;,&quot;pause_on_hover&quot;:&quot;yes&quot;,&quot;pause_on_interaction&quot;:&quot;yes&quot;,&quot;autoplay_speed&quot;:5000,&quot;infinite&quot;:&quot;yes&quot;,&quot;effect&quot;:&quot;slide&quot;,&quot;speed&quot;:500}\" data-widget_type=\"image-carousel.default\">\n\t\t\t\t<div class=\"elementor-widget-container\">\n\t\t\t\t\t\t\t<div class=\"elementor-image-carousel-wrapper swiper\" role=\"region\" aria-roledescription=\"carousel\" aria-label=\"Image Carousel\" dir=\"ltr\">\n\t\t\t<div class=\"elementor-image-carousel swiper-wrapper swiper-image-stretch\" aria-live=\"off\">\n\t\t\t\t\t\t\t\t<div class=\"swiper-slide\" role=\"group\" aria-roledescription=\"slide\" aria-label=\"1 of 4\"><a data-elementor-open-lightbox=\"yes\" data-elementor-lightbox-slideshow=\"89edf9b\" data-e-action-hash=\"#elementor-action%3Aaction%3Dlightbox%26settings%3DeyJpZCI6OTc5LCJ1cmwiOiJodHRwczpcL1wvYmVkYW5kYmlrZWN1cmFjYW8uY29tXC93cC1jb250ZW50XC91cGxvYWRzXC8yMDI0XC8wMlwvRFNDMDEzMTcuanBnIiwic2xpZGVzaG93IjoiODllZGY5YiJ9\" href=\"https:\/\/bedandbikecuracao.com\/wp-content\/uploads\/2024\/02\/DSC01317.jpg\"><figure class=\"swiper-slide-inner\"><img decoding=\"async\" class=\"swiper-slide-image\" src=\"https:\/\/bedandbikecuracao.com\/wp-content\/uploads\/2024\/02\/DSC01317-768x512.jpg\" alt=\"DSC01317\" \/><\/figure><\/a><\/div><div class=\"swiper-slide\" role=\"group\" aria-roledescription=\"slide\" aria-label=\"2 of 4\"><a data-elementor-open-lightbox=\"yes\" data-elementor-lightbox-slideshow=\"89edf9b\" data-e-action-hash=\"#elementor-action%3Aaction%3Dlightbox%26settings%3DeyJpZCI6MzMxLCJ1cmwiOiJodHRwczpcL1wvYmVkYW5kYmlrZWN1cmFjYW8uY29tXC93cC1jb250ZW50XC91cGxvYWRzXC8yMDI0XC8wMlwvNjJlZGFkXzAzNzNmMDJkN2U2YTRlNzA4MTE4ZGYxOWJkM2RlZDkxbXYyX2RfMjA0OF8xMzY1X3NfMi53ZWJwIiwic2xpZGVzaG93IjoiODllZGY5YiJ9\" href=\"https:\/\/bedandbikecuracao.com\/wp-content\/uploads\/2024\/02\/62edad_0373f02d7e6a4e708118df19bd3ded91mv2_d_2048_1365_s_2.webp\"><figure class=\"swiper-slide-inner\"><img decoding=\"async\" class=\"swiper-slide-image\" src=\"https:\/\/bedandbikecuracao.com\/wp-content\/uploads\/2024\/02\/62edad_0373f02d7e6a4e708118df19bd3ded91mv2_d_2048_1365_s_2-768x512.webp\" alt=\"62edad_0373f02d7e6a4e708118df19bd3ded91~mv2_d_2048_1365_s_2\" \/><\/figure><\/a><\/div><div class=\"swiper-slide\" role=\"group\" aria-roledescription=\"slide\" aria-label=\"3 of 4\"><a data-elementor-open-lightbox=\"yes\" data-elementor-lightbox-slideshow=\"89edf9b\" data-e-action-hash=\"#elementor-action%3Aaction%3Dlightbox%26settings%3DeyJpZCI6MzIwLCJ1cmwiOiJodHRwczpcL1wvYmVkYW5kYmlrZWN1cmFjYW8uY29tXC93cC1jb250ZW50XC91cGxvYWRzXC8yMDI0XC8wMlwvNjJlZGFkXzBmMWYyMWU0YWQ1ZjRkZjU5YWI3NTVkZjkyZDE0NjUybXYyX2RfMjA0OF8xMzY1X3NfMi53ZWJwIiwic2xpZGVzaG93IjoiODllZGY5YiJ9\" href=\"https:\/\/bedandbikecuracao.com\/wp-content\/uploads\/2024\/02\/62edad_0f1f21e4ad5f4df59ab755df92d14652mv2_d_2048_1365_s_2.webp\"><figure class=\"swiper-slide-inner\"><img decoding=\"async\" class=\"swiper-slide-image\" src=\"https:\/\/bedandbikecuracao.com\/wp-content\/uploads\/2024\/02\/62edad_0f1f21e4ad5f4df59ab755df92d14652mv2_d_2048_1365_s_2-768x512.webp\" alt=\"62edad_0f1f21e4ad5f4df59ab755df92d14652~mv2_d_2048_1365_s_2\" \/><\/figure><\/a><\/div><div class=\"swiper-slide\" role=\"group\" aria-roledescription=\"slide\" aria-label=\"4 of 4\"><a data-elementor-open-lightbox=\"yes\" data-elementor-lightbox-slideshow=\"89edf9b\" data-e-action-hash=\"#elementor-action%3Aaction%3Dlightbox%26settings%3DeyJpZCI6MjgzLCJ1cmwiOiJodHRwczpcL1wvYmVkYW5kYmlrZWN1cmFjYW8uY29tXC93cC1jb250ZW50XC91cGxvYWRzXC8yMDI0XC8wMlwvNjJlZGFkXzQxZjQ0ZWJlMGY3ODRlMzVhMDE2OTQyN2IwMDkzMGQzbXYyX2RfMjA0OF8xMzY1X3NfMi53ZWJwIiwic2xpZGVzaG93IjoiODllZGY5YiJ9\" href=\"https:\/\/bedandbikecuracao.com\/wp-content\/uploads\/2024\/02\/62edad_41f44ebe0f784e35a0169427b00930d3mv2_d_2048_1365_s_2.webp\"><figure class=\"swiper-slide-inner\"><img decoding=\"async\" class=\"swiper-slide-image\" src=\"https:\/\/bedandbikecuracao.com\/wp-content\/uploads\/2024\/02\/62edad_41f44ebe0f784e35a0169427b00930d3mv2_d_2048_1365_s_2-768x512.webp\" alt=\"62edad_41f44ebe0f784e35a0169427b00930d3~mv2_d_2048_1365_s_2\" \/><\/figure><\/a><\/div>\t\t\t<\/div>\n\t\t\t\t\t\t\t\t\t\t\t\t<div class=\"elementor-swiper-button elementor-swiper-button-prev\" role=\"button\" tabindex=\"0\">\n\t\t\t\t\t\t<svg aria-hidden=\"true\" class=\"e-font-icon-svg e-eicon-chevron-left\" viewbox=\"0 0 1000 1000\" xmlns=\"http:\/\/www.w3.org\/2000\/svg\"><path d=\"M646 125C629 125 613 133 604 142L308 442C296 454 292 471 292 487 292 504 296 521 308 533L604 854C617 867 629 875 646 875 663 875 679 871 692 858 704 846 713 829 713 812 713 796 708 779 692 767L438 487 692 225C700 217 708 204 708 187 708 171 704 154 692 142 675 129 663 125 646 125Z\"><\/path><\/svg>\t\t\t\t\t<\/div>\n\t\t\t\t\t<div class=\"elementor-swiper-button elementor-swiper-button-next\" role=\"button\" tabindex=\"0\">\n\t\t\t\t\t\t<svg aria-hidden=\"true\" class=\"e-font-icon-svg e-eicon-chevron-right\" viewbox=\"0 0 1000 1000\" xmlns=\"http:\/\/www.w3.org\/2000\/svg\"><path d=\"M696 533C708 521 713 504 713 487 713 471 708 454 696 446L400 146C388 133 375 125 354 125 338 125 325 129 313 142 300 154 292 171 292 187 292 204 296 221 308 233L563 492 304 771C292 783 288 800 288 817 288 833 296 850 308 863 321 871 338 875 354 875 371 875 388 867 400 854L696 533Z\"><\/path><\/svg>\t\t\t\t\t<\/div>\n\t\t\t\t\n\t\t\t\t\t\t\t\t\t<div class=\"swiper-pagination\"><\/div>\n\t\t\t\t\t\t\t\t\t<\/div>\n\t\t\t\t\t\t<\/div>\n\t\t\t\t<\/div>\n\t\t\t\t\t<\/div>\n\t\t<\/div>\n\t\t\t\t\t<\/div>\n\t\t<\/section>\n\t\t\t\t<section class=\"elementor-section elementor-top-section elementor-element elementor-element-0e73b2d elementor-section-full_width elementor-section-height-default elementor-section-height-default\" data-id=\"0e73b2d\" data-element_type=\"section\" data-e-type=\"section\" data-settings=\"{&quot;background_background&quot;:&quot;classic&quot;}\">\n\t\t\t\t\t\t\t<div class=\"elementor-background-overlay\"><\/div>\n\t\t\t\t\t\t\t<div class=\"elementor-container elementor-column-gap-no\">\n\t\t\t\t\t<div class=\"elementor-column elementor-col-100 elementor-top-column elementor-element elementor-element-cf814b0\" data-id=\"cf814b0\" data-element_type=\"column\" data-e-type=\"column\">\n\t\t\t<div class=\"elementor-widget-wrap elementor-element-populated\">\n\t\t\t\t\t\t<section class=\"elementor-section elementor-inner-section elementor-element elementor-element-53e1472 elementor-section-boxed elementor-section-height-default elementor-section-height-default\" data-id=\"53e1472\" data-element_type=\"section\" data-e-type=\"section\">\n\t\t\t\t\t\t<div class=\"elementor-container elementor-column-gap-no\">\n\t\t\t\t\t<div class=\"elementor-column elementor-col-50 elementor-inner-column elementor-element elementor-element-bc770a4\" data-id=\"bc770a4\" data-element_type=\"column\" data-e-type=\"column\">\n\t\t\t<div class=\"elementor-widget-wrap elementor-element-populated\">\n\t\t\t\t\t\t<div class=\"elementor-element elementor-element-32f32db elementor-widget__width-inherit elementor-widget-tablet__width-inherit elementor-widget elementor-widget-heading\" data-id=\"32f32db\" data-element_type=\"widget\" data-e-type=\"widget\" data-widget_type=\"heading.default\">\n\t\t\t\t<div class=\"elementor-widget-container\">\n\t\t\t\t\t<h2 class=\"elementor-heading-title elementor-size-default\">Descubra a fascinante paisagem natural e a cultura deslumbrante<\/h2>\t\t\t\t<\/div>\n\t\t\t\t<\/div>\n\t\t\t\t\t<\/div>\n\t\t<\/div>\n\t\t\t\t<div class=\"elementor-column elementor-col-50 elementor-inner-column elementor-element elementor-element-3963776\" data-id=\"3963776\" data-element_type=\"column\" data-e-type=\"column\">\n\t\t\t<div class=\"elementor-widget-wrap elementor-element-populated\">\n\t\t\t\t\t\t<div class=\"elementor-element elementor-element-ea0d75c elementor-widget elementor-widget-text-editor\" data-id=\"ea0d75c\" data-element_type=\"widget\" data-e-type=\"widget\" data-widget_type=\"text-editor.default\">\n\t\t\t\t<div class=\"elementor-widget-container\">\n\t\t\t\t\t\t\t\t\t<p>Cura\u00e7ao \u00e9 verdadeiramente uma ilha paradis\u00edaca, cheia de belas paisagens, praias quentes, habitantes locais amig\u00e1veis e cultura caribenha colorida. Mergulhe na experi\u00eancia de uma vida - uma experi\u00eancia que inspirar\u00e1 seus sentidos e far\u00e1 voc\u00ea nunca mais querer sair.<\/p>\t\t\t\t\t\t\t\t<\/div>\n\t\t\t\t<\/div>\n\t\t\t\t<div class=\"elementor-element elementor-element-b25df0c elementor-widget elementor-widget-jkit_button\" data-id=\"b25df0c\" data-element_type=\"widget\" data-e-type=\"widget\" data-widget_type=\"jkit_button.default\">\n\t\t\t\t<div class=\"elementor-widget-container\">\n\t\t\t\t\t<div  class=\"jeg-elementor-kit jkit-button  icon-position-after jeg_module___69f73e8ddba80\" ><a href=\"https:\/\/bedandbikecuracao.com\/pt\/locais-de-alojamento\/\" class=\"jkit-button-wrapper\">Descubra mais<i class=\"icon-colored jki jki-right-arrow1-light\" aria-hidden=\"true\"><\/i><\/a><\/div>\t\t\t\t<\/div>\n\t\t\t\t<\/div>\n\t\t\t\t\t<\/div>\n\t\t<\/div>\n\t\t\t\t\t<\/div>\n\t\t<\/section>\n\t\t\t\t<section class=\"elementor-section elementor-inner-section elementor-element elementor-element-fcdc674 elementor-section-full_width elementor-section-height-default elementor-section-height-default\" data-id=\"fcdc674\" data-element_type=\"section\" data-e-type=\"section\">\n\t\t\t\t\t\t<div class=\"elementor-container elementor-column-gap-no\">\n\t\t\t\t\t<div class=\"elementor-column elementor-col-100 elementor-inner-column elementor-element elementor-element-05b0949\" data-id=\"05b0949\" data-element_type=\"column\" data-e-type=\"column\">\n\t\t\t<div class=\"elementor-widget-wrap elementor-element-populated\">\n\t\t\t\t\t\t<div class=\"elementor-element elementor-element-19106dc elementor-widget elementor-widget-jkit_portfolio_gallery\" data-id=\"19106dc\" data-element_type=\"widget\" data-e-type=\"widget\" data-widget_type=\"jkit_portfolio_gallery.default\">\n\t\t\t\t<div class=\"elementor-widget-container\">\n\t\t\t\t\t<div  class=\"jeg-elementor-kit jkit-portfolio-gallery on-hover jeg_module__1_69f73e8dde73b\" ><div class=\"portfolio-gallery-container\">\n            <div class=\"row-items\"><div class=\"row-item elementor-repeater-item-b368129 current-item\" data-tab=\"portfolio-gallery-tab-0\"><div class=\"row-item-info\">\n            <p class=\"info-subtitle\">Visite o Bed&amp;Bike Hotel em<\/p>\n            <h2 class=\"info-title\"> Pietermaai<\/h2>\n        <\/div><div class=\"row-item-more position-after\"><a href=\"https:\/\/bedandbikecuracao.com\/pt\/cidade-de-pietermaai\/\">Op\u00e7\u00f5es de acomoda\u00e7\u00e3o \u2192<\/a><\/div><\/div><div class=\"row-item elementor-repeater-item-796f4e7\" data-tab=\"portfolio-gallery-tab-1\"><div class=\"row-item-info\">\n            <p class=\"info-subtitle\">Visite o Bed&amp;Bike Hotel em<\/p>\n            <h2 class=\"info-title\">Jan Thiel<\/h2>\n        <\/div><div class=\"row-item-more position-after\"><a href=\"https:\/\/bedandbikecuracao.com\/pt\/praia-de-jan-thiel\/\">Op\u00e7\u00f5es de acomoda\u00e7\u00e3o \u2192<\/a><\/div><\/div><div class=\"row-item elementor-repeater-item-746ca17 current-item\" data-tab=\"portfolio-gallery-tab-2\"><div class=\"row-item-info\">\n            <p class=\"info-subtitle\">Visite o Bed&amp;Bike Hotel em<\/p>\n            <h2 class=\"info-title\">Westpunt<\/h2>\n        <\/div><div class=\"row-item-more position-after\"><a href=\"https:\/\/bedandbikecuracao.com\/pt\/westpunt-punta-kalki\/\">Op\u00e7\u00f5es de acomoda\u00e7\u00e3o \u2192<\/a><\/div><\/div><\/div>\n            <div class=\"gallery-items\"><div id=\"portfolio-gallery-tab-0\" class=\"image-item current-item\" data-background=\"https:\/\/bedandbikecuracao.com\/wp-content\/uploads\/2024\/02\/62edad_8a9502cdc82e4545a769d8d60c87392emv2.webp\" style=\"background-image:url(https:\/\/bedandbikecuracao.com\/wp-content\/uploads\/2024\/02\/62edad_8a9502cdc82e4545a769d8d60c87392emv2.webp);\"><\/div><div id=\"portfolio-gallery-tab-1\" class=\"image-item\" data-background=\"https:\/\/bedandbikecuracao.com\/wp-content\/uploads\/2024\/02\/JanThiel-ExtraSliderGallery-BB_0024_Layer-1.jpg\" style=\"background-image:url(https:\/\/bedandbikecuracao.com\/wp-content\/uploads\/2024\/02\/JanThiel-ExtraSliderGallery-BB_0024_Layer-1.jpg);\"><\/div><div id=\"portfolio-gallery-tab-2\" class=\"image-item current-item\" data-background=\"https:\/\/bedandbikecuracao.com\/wp-content\/uploads\/2024\/02\/JanThiel-ExtraSliderGallery-BB_0023_Layer-3.jpg\" style=\"background-image:url(https:\/\/bedandbikecuracao.com\/wp-content\/uploads\/2024\/02\/JanThiel-ExtraSliderGallery-BB_0023_Layer-3.jpg);\"><\/div><\/div>\n        <\/div><\/div>\t\t\t\t<\/div>\n\t\t\t\t<\/div>\n\t\t\t\t\t<\/div>\n\t\t<\/div>\n\t\t\t\t\t<\/div>\n\t\t<\/section>\n\t\t\t\t\t<\/div>\n\t\t<\/div>\n\t\t\t\t\t<\/div>\n\t\t<\/section>\n\t\t\t\t<\/div>","protected":false},"excerpt":{"rendered":"<p>Book directly with us on our website and take advantage of these exclusive benefits Price matching Early check in &amp; Late check out (subject to availability) Car &amp; Airport packages available Discounts on island tours Email us at info@bedandbikewestpunt.com for more details. &nbsp; &nbsp; &nbsp; &nbsp; &nbsp; Discover the Mesmerizing Natural Landscape and Stunning Culture [&hellip;]<\/p>\n","protected":false},"author":1,"featured_media":3223,"parent":0,"menu_order":0,"comment_status":"closed","ping_status":"closed","template":"elementor_header_footer","meta":{"_acf_changed":false,"footnotes":""},"class_list":["post-125","page","type-page","status-publish","has-post-thumbnail","hentry"],"acf":[],"yoast_head":"<!-- This site is optimized with the Yoast SEO plugin v27.5 - https:\/\/yoast.com\/product\/yoast-seo-wordpress\/ -->\n<title>Direct Booking Benefit - Bed &amp; Bike Curacao<\/title>\n<meta name=\"description\" content=\"Stay at least 7 nights between Bed and Bike Pietermaai and Jan Thiel and receive 10% off your stay! Contact us for more details.\" \/>\n<meta name=\"robots\" content=\"index, follow, max-snippet:-1, max-image-preview:large, max-video-preview:-1\" \/>\n<link rel=\"canonical\" href=\"https:\/\/bedandbikecuracao.com\/pt\/beneficio-de-reserva-direta\/\" \/>\n<meta property=\"og:locale\" content=\"pt_PT\" \/>\n<meta property=\"og:type\" content=\"article\" \/>\n<meta property=\"og:title\" content=\"Direct Booking Benefit - Bed &amp; Bike Curacao\" \/>\n<meta property=\"og:description\" content=\"Stay at least 7 nights between Bed and Bike Pietermaai and Jan Thiel and receive 10% off your stay! Contact us for more details.\" \/>\n<meta property=\"og:url\" content=\"https:\/\/bedandbikecuracao.com\/pt\/beneficio-de-reserva-direta\/\" \/>\n<meta property=\"og:site_name\" content=\"Bed &amp; Bike\" \/>\n<meta property=\"article:modified_time\" content=\"2024-07-29T10:22:45+00:00\" \/>\n<meta property=\"og:image\" content=\"https:\/\/bedandbikecuracao.com\/wp-content\/uploads\/2024\/07\/Logo-Bed-Bike-Curacao-COLOR-2-new.png\" \/>\n\t<meta property=\"og:image:width\" content=\"200\" \/>\n\t<meta property=\"og:image:height\" content=\"200\" \/>\n\t<meta property=\"og:image:type\" content=\"image\/png\" \/>\n<meta name=\"twitter:card\" content=\"summary_large_image\" \/>\n<meta name=\"twitter:label1\" content=\"Est. reading time\" \/>\n\t<meta name=\"twitter:data1\" content=\"2 minutos\" \/>\n<script type=\"application\/ld+json\" class=\"yoast-schema-graph\">{\"@context\":\"https:\\\/\\\/schema.org\",\"@graph\":[{\"@type\":\"WebPage\",\"@id\":\"https:\\\/\\\/bedandbikecuracao.com\\\/direct-booking-benefit\\\/\",\"url\":\"https:\\\/\\\/bedandbikecuracao.com\\\/direct-booking-benefit\\\/\",\"name\":\"Direct Booking Benefit - Bed &amp; Bike Curacao\",\"isPartOf\":{\"@id\":\"https:\\\/\\\/bedandbikecuracao.com\\\/#website\"},\"primaryImageOfPage\":{\"@id\":\"https:\\\/\\\/bedandbikecuracao.com\\\/direct-booking-benefit\\\/#primaryimage\"},\"image\":{\"@id\":\"https:\\\/\\\/bedandbikecuracao.com\\\/direct-booking-benefit\\\/#primaryimage\"},\"thumbnailUrl\":\"https:\\\/\\\/bedandbikecuracao.com\\\/wp-content\\\/uploads\\\/2024\\\/07\\\/Logo-Bed-Bike-Curacao-COLOR-2-new.png\",\"datePublished\":\"2024-01-31T15:11:16+00:00\",\"dateModified\":\"2024-07-29T10:22:45+00:00\",\"description\":\"Stay at least 7 nights between Bed and Bike Pietermaai and Jan Thiel and receive 10% off your stay! Contact us for more details.\",\"breadcrumb\":{\"@id\":\"https:\\\/\\\/bedandbikecuracao.com\\\/direct-booking-benefit\\\/#breadcrumb\"},\"inLanguage\":\"pt-PT\",\"potentialAction\":[{\"@type\":\"ReadAction\",\"target\":[\"https:\\\/\\\/bedandbikecuracao.com\\\/direct-booking-benefit\\\/\"]}]},{\"@type\":\"ImageObject\",\"inLanguage\":\"pt-PT\",\"@id\":\"https:\\\/\\\/bedandbikecuracao.com\\\/direct-booking-benefit\\\/#primaryimage\",\"url\":\"https:\\\/\\\/bedandbikecuracao.com\\\/wp-content\\\/uploads\\\/2024\\\/07\\\/Logo-Bed-Bike-Curacao-COLOR-2-new.png\",\"contentUrl\":\"https:\\\/\\\/bedandbikecuracao.com\\\/wp-content\\\/uploads\\\/2024\\\/07\\\/Logo-Bed-Bike-Curacao-COLOR-2-new.png\",\"width\":200,\"height\":200},{\"@type\":\"BreadcrumbList\",\"@id\":\"https:\\\/\\\/bedandbikecuracao.com\\\/direct-booking-benefit\\\/#breadcrumb\",\"itemListElement\":[{\"@type\":\"ListItem\",\"position\":1,\"name\":\"Home\",\"item\":\"https:\\\/\\\/bedandbikecuracao.com\\\/\"},{\"@type\":\"ListItem\",\"position\":2,\"name\":\"Direct Booking Benefit\"}]},{\"@type\":\"WebSite\",\"@id\":\"https:\\\/\\\/bedandbikecuracao.com\\\/#website\",\"url\":\"https:\\\/\\\/bedandbikecuracao.com\\\/\",\"name\":\"Bed &amp; Bike\",\"description\":\"\",\"potentialAction\":[{\"@type\":\"SearchAction\",\"target\":{\"@type\":\"EntryPoint\",\"urlTemplate\":\"https:\\\/\\\/bedandbikecuracao.com\\\/?s={search_term_string}\"},\"query-input\":{\"@type\":\"PropertyValueSpecification\",\"valueRequired\":true,\"valueName\":\"search_term_string\"}}],\"inLanguage\":\"pt-PT\"}]}<\/script>\n<!-- \/ Yoast SEO plugin. -->","yoast_head_json":{"title":"Benef\u00edcio de reserva direta - Bed &amp; Bike Cura\u00e7ao","description":"Fique pelo menos 7 noites entre Bed and Bike Pietermaai e Jan Thiel e receba 10% de desconto em sua estadia! Contacte-nos para mais detalhes.","robots":{"index":"index","follow":"follow","max-snippet":"max-snippet:-1","max-image-preview":"max-image-preview:large","max-video-preview":"max-video-preview:-1"},"canonical":"https:\/\/bedandbikecuracao.com\/pt\/beneficio-de-reserva-direta\/","og_locale":"pt_PT","og_type":"article","og_title":"Direct Booking Benefit - Bed &amp; Bike Curacao","og_description":"Stay at least 7 nights between Bed and Bike Pietermaai and Jan Thiel and receive 10% off your stay! Contact us for more details.","og_url":"https:\/\/bedandbikecuracao.com\/pt\/beneficio-de-reserva-direta\/","og_site_name":"Bed &amp; Bike","article_modified_time":"2024-07-29T10:22:45+00:00","og_image":[{"width":200,"height":200,"url":"https:\/\/bedandbikecuracao.com\/wp-content\/uploads\/2024\/07\/Logo-Bed-Bike-Curacao-COLOR-2-new.png","type":"image\/png"}],"twitter_card":"summary_large_image","twitter_misc":{"Est. reading time":"2 minutos"},"schema":{"@context":"https:\/\/schema.org","@graph":[{"@type":"WebPage","@id":"https:\/\/bedandbikecuracao.com\/direct-booking-benefit\/","url":"https:\/\/bedandbikecuracao.com\/direct-booking-benefit\/","name":"Benef\u00edcio de reserva direta - Bed &amp; Bike Cura\u00e7ao","isPartOf":{"@id":"https:\/\/bedandbikecuracao.com\/#website"},"primaryImageOfPage":{"@id":"https:\/\/bedandbikecuracao.com\/direct-booking-benefit\/#primaryimage"},"image":{"@id":"https:\/\/bedandbikecuracao.com\/direct-booking-benefit\/#primaryimage"},"thumbnailUrl":"https:\/\/bedandbikecuracao.com\/wp-content\/uploads\/2024\/07\/Logo-Bed-Bike-Curacao-COLOR-2-new.png","datePublished":"2024-01-31T15:11:16+00:00","dateModified":"2024-07-29T10:22:45+00:00","description":"Fique pelo menos 7 noites entre Bed and Bike Pietermaai e Jan Thiel e receba 10% de desconto em sua estadia! Contacte-nos para mais detalhes.","breadcrumb":{"@id":"https:\/\/bedandbikecuracao.com\/direct-booking-benefit\/#breadcrumb"},"inLanguage":"pt-PT","potentialAction":[{"@type":"ReadAction","target":["https:\/\/bedandbikecuracao.com\/direct-booking-benefit\/"]}]},{"@type":"ImageObject","inLanguage":"pt-PT","@id":"https:\/\/bedandbikecuracao.com\/direct-booking-benefit\/#primaryimage","url":"https:\/\/bedandbikecuracao.com\/wp-content\/uploads\/2024\/07\/Logo-Bed-Bike-Curacao-COLOR-2-new.png","contentUrl":"https:\/\/bedandbikecuracao.com\/wp-content\/uploads\/2024\/07\/Logo-Bed-Bike-Curacao-COLOR-2-new.png","width":200,"height":200},{"@type":"BreadcrumbList","@id":"https:\/\/bedandbikecuracao.com\/direct-booking-benefit\/#breadcrumb","itemListElement":[{"@type":"ListItem","position":1,"name":"Home","item":"https:\/\/bedandbikecuracao.com\/"},{"@type":"ListItem","position":2,"name":"Direct Booking Benefit"}]},{"@type":"WebSite","@id":"https:\/\/bedandbikecuracao.com\/#website","url":"https:\/\/bedandbikecuracao.com\/","name":"Cama e bicicleta","description":"","potentialAction":[{"@type":"SearchAction","target":{"@type":"EntryPoint","urlTemplate":"https:\/\/bedandbikecuracao.com\/?s={search_term_string}"},"query-input":{"@type":"PropertyValueSpecification","valueRequired":true,"valueName":"search_term_string"}}],"inLanguage":"pt-PT"}]}},"_links":{"self":[{"href":"https:\/\/bedandbikecuracao.com\/pt\/wp-json\/wp\/v2\/pages\/125","targetHints":{"allow":["GET"]}}],"collection":[{"href":"https:\/\/bedandbikecuracao.com\/pt\/wp-json\/wp\/v2\/pages"}],"about":[{"href":"https:\/\/bedandbikecuracao.com\/pt\/wp-json\/wp\/v2\/types\/page"}],"author":[{"embeddable":true,"href":"https:\/\/bedandbikecuracao.com\/pt\/wp-json\/wp\/v2\/users\/1"}],"replies":[{"embeddable":true,"href":"https:\/\/bedandbikecuracao.com\/pt\/wp-json\/wp\/v2\/comments?post=125"}],"version-history":[{"count":36,"href":"https:\/\/bedandbikecuracao.com\/pt\/wp-json\/wp\/v2\/pages\/125\/revisions"}],"predecessor-version":[{"id":3226,"href":"https:\/\/bedandbikecuracao.com\/pt\/wp-json\/wp\/v2\/pages\/125\/revisions\/3226"}],"wp:featuredmedia":[{"embeddable":true,"href":"https:\/\/bedandbikecuracao.com\/pt\/wp-json\/wp\/v2\/media\/3223"}],"wp:attachment":[{"href":"https:\/\/bedandbikecuracao.com\/pt\/wp-json\/wp\/v2\/media?parent=125"}],"curies":[{"name":"wp","href":"https:\/\/api.w.org\/{rel}","templated":true}]}}